{"id":127,"date":"2020-11-09T12:26:51","date_gmt":"2020-11-09T18:26:51","guid":{"rendered":"https:\/\/psiconefrologia.org\/?page_id=127"},"modified":"2020-11-11T16:14:27","modified_gmt":"2020-11-11T22:14:27","slug":"elementor-127","status":"publish","type":"page","link":"https:\/\/psiconefrologia.org\/?page_id=127","title":{"rendered":"Psicoterapia"},"content":{"rendered":"\t\t<div data-elementor-type=\"wp-page\" data-elementor-id=\"127\" class=\"elementor elementor-127\">\n\t\t\t\t\t\t<section class=\"elementor-section elementor-top-section elementor-element elementor-element-f9076db elementor-section-boxed elementor-section-height-default elementor-section-height-default\" data-id=\"f9076db\" data-element_type=\"section\" data-e-type=\"section\">\n\t\t\t\t\t\t<div class=\"elementor-container elementor-column-gap-default\">\n\t\t\t\t\t<div class=\"elementor-column elementor-col-100 elementor-top-column elementor-element elementor-element-2a4d6d1\" data-id=\"2a4d6d1\" data-element_type=\"column\" data-e-type=\"column\">\n\t\t\t<div class=\"elementor-widget-wrap elementor-element-populated\">\n\t\t\t\t\t\t<div class=\"elementor-element elementor-element-014a7da elementor-widget elementor-widget-heading\" data-id=\"014a7da\" data-element_type=\"widget\" data-e-type=\"widget\" data-widget_type=\"heading.default\">\n\t\t\t\t<div class=\"elementor-widget-container\">\n\t\t\t\t\t<h1 class=\"elementor-heading-title elementor-size-default\">Psicoterapia<\/h1>\t\t\t\t<\/div>\n\t\t\t\t<\/div>\n\t\t\t\t\t<\/div>\n\t\t<\/div>\n\t\t\t\t\t<\/div>\n\t\t<\/section>\n\t\t\t\t<section class=\"elementor-section elementor-top-section elementor-element elementor-element-0d2ecad elementor-section-boxed elementor-section-height-default elementor-section-height-default\" data-id=\"0d2ecad\" data-element_type=\"section\" data-e-type=\"section\">\n\t\t\t\t\t\t<div class=\"elementor-container elementor-column-gap-default\">\n\t\t\t\t\t<div class=\"elementor-column elementor-col-33 elementor-top-column elementor-element elementor-element-430e5eb\" data-id=\"430e5eb\" data-element_type=\"column\" data-e-type=\"column\">\n\t\t\t<div class=\"elementor-widget-wrap\">\n\t\t\t\t\t\t\t<\/div>\n\t\t<\/div>\n\t\t\t\t<div class=\"elementor-column elementor-col-66 elementor-top-column elementor-element elementor-element-7de7366\" data-id=\"7de7366\" data-element_type=\"column\" data-e-type=\"column\">\n\t\t\t<div class=\"elementor-widget-wrap elementor-element-populated\">\n\t\t\t\t\t\t<div class=\"elementor-element elementor-element-919cc75 elementor-widget elementor-widget-text-editor\" data-id=\"919cc75\" data-element_type=\"widget\" data-e-type=\"widget\" data-widget_type=\"text-editor.default\">\n\t\t\t\t<div class=\"elementor-widget-container\">\n\t\t\t\t\t\t\t\t\t<p>La psicoterapia es un servicio qu\u00e9 psic\u00f3logos con formaci\u00f3n psicoterapeuta ofrecen para manejar nuestros pensamientos, sentimientos y comportamientos relacionados con los temas que nos preocupan. El Centro de Investigaci\u00f3n y Desarrollo de la Psiconefrolog\u00eda cuenta con especialistas en salud mental que conocen la din\u00e1mica psicol\u00f3gica de las personas que padecen enfermedad renal.<\/p><p>Los especialistas tienen el conocimiento sobre las reacciones emocionales a las que se enfrenta el paciente y manejan t\u00e9cnicas efectivas para empoderar al paciente y su familia. Asimismo, nos interesa que logr\u00e9 la alfabetizaci\u00f3n en salud renal para que pueda hacer equipo con el personal m\u00e9dico y colaborar en el logro de las metas cl\u00ednicas.<\/p><p>Nos interesa que quien padece enfermedad renal desarrolle habilidades para lidiar poderosamente con los retos que se enfrentan d\u00eda a d\u00eda en el \u00e1mbito personal, familiar, social y por supuesto en el m\u00e9dico.<\/p><p>Agenda tu cita ahora, env\u00edanos un correo a <a href=\"mailto:psiconefrologia.mx@gmail.com\">psiconefrologia.mx@gmail.com<\/a><\/p>\t\t\t\t\t\t\t\t<\/div>\n\t\t\t\t<\/div>\n\t\t\t\t\t<\/div>\n\t\t<\/div>\n\t\t\t\t\t<\/div>\n\t\t<\/section>\n\t\t\t\t<\/div>\n\t\t","protected":false},"excerpt":{"rendered":"<p>Psicoterapia La psicoterapia es un servicio qu\u00e9 psic\u00f3logos con formaci\u00f3n psicoterapeuta ofrecen para manejar nuestros pensamientos, sentimientos y comportamientos relacionados con los temas que nos preocupan. El Centro de Investigaci\u00f3n y Desarrollo de la Psiconefrolog\u00eda cuenta con especialistas en salud mental que conocen la din\u00e1mica psicol\u00f3gica de las personas que padecen enfermedad renal. Los especialistas [&hellip;]<\/p>\n","protected":false},"author":1,"featured_media":0,"parent":0,"menu_order":0,"comment_status":"closed","ping_status":"closed","template":"","meta":{"site-sidebar-layout":"no-sidebar","site-content-layout":"page-builder","ast-site-content-layout":"","site-content-style":"default","site-sidebar-style":"default","ast-global-header-display":"","ast-banner-title-visibility":"","ast-main-header-display":"","ast-hfb-above-header-display":"","ast-hfb-below-header-display":"","ast-hfb-mobile-header-display":"","site-post-title":"disabled","ast-breadcrumbs-content":"","ast-featured-img":"disabled","footer-sml-layout":"","theme-transparent-header-meta":"default","adv-header-id-meta":"","stick-header-meta":"","header-above-stick-meta":"","header-main-stick-meta":"","header-below-stick-meta":"","astra-migrate-meta-layouts":"default","ast-page-background-enabled":"default","ast-page-background-meta":{"desktop":{"background-color":"","background-image":"","background-repeat":"repeat","background-position":"center center","background-size":"auto","background-attachment":"scroll","background-type":"","background-media":"","overlay-type":"","overlay-color":"","overlay-gradient":""},"tablet":{"background-color":"","background-image":"","background-repeat":"repeat","background-position":"center center","background-size":"auto","background-attachment":"scroll","background-type":"","background-media":"","overlay-type":"","overlay-color":"","overlay-gradient":""},"mobile":{"background-color":"","background-image":"","background-repeat":"repeat","background-position":"center center","background-size":"auto","background-attachment":"scroll","background-type":"","background-media":"","overlay-type":"","overlay-color":"","overlay-gradient":""}},"ast-content-background-meta":{"desktop":{"background-color":"var(--ast-global-color-5)","background-image":"","background-repeat":"repeat","background-position":"center center","background-size":"auto","background-attachment":"scroll","background-type":"","background-media":"","overlay-type":"","overlay-color":"","overlay-gradient":""},"tablet":{"background-color":"var(--ast-global-color-5)","background-image":"","background-repeat":"repeat","background-position":"center center","background-size":"auto","background-attachment":"scroll","background-type":"","background-media":"","overlay-type":"","overlay-color":"","overlay-gradient":""},"mobile":{"background-color":"var(--ast-global-color-5)","background-image":"","background-repeat":"repeat","background-position":"center center","background-size":"auto","background-attachment":"scroll","background-type":"","background-media":"","overlay-type":"","overlay-color":"","overlay-gradient":""}},"footnotes":""},"class_list":["post-127","page","type-page","status-publish","hentry"],"yoast_head":"<!-- This site is optimized with the Yoast SEO plugin v21.9.1 - https:\/\/yoast.com\/wordpress\/plugins\/seo\/ -->\n<title>Psicoterapia - Centro de Investigaci\u00f3n y Desarrollo de la Psiconefrolog\u00eda<\/title>\n<meta name=\"robots\" content=\"index, follow, max-snippet:-1, max-image-preview:large, max-video-preview:-1\" \/>\n<link rel=\"canonical\" href=\"https:\/\/psiconefrologia.org\/?page_id=127\" \/>\n<meta property=\"og:locale\" content=\"es_ES\" \/>\n<meta property=\"og:type\" content=\"article\" \/>\n<meta property=\"og:title\" content=\"Psicoterapia - Centro de Investigaci\u00f3n y Desarrollo de la Psiconefrolog\u00eda\" \/>\n<meta property=\"og:description\" content=\"Psicoterapia La psicoterapia es un servicio qu\u00e9 psic\u00f3logos con formaci\u00f3n psicoterapeuta ofrecen para manejar nuestros pensamientos, sentimientos y comportamientos relacionados con los temas que nos preocupan. El Centro de Investigaci\u00f3n y Desarrollo de la Psiconefrolog\u00eda cuenta con especialistas en salud mental que conocen la din\u00e1mica psicol\u00f3gica de las personas que padecen enfermedad renal. Los especialistas [&hellip;]\" \/>\n<meta property=\"og:url\" content=\"https:\/\/psiconefrologia.org\/?page_id=127\" \/>\n<meta property=\"og:site_name\" content=\"Centro de Investigaci\u00f3n y Desarrollo de la Psiconefrolog\u00eda\" \/>\n<meta property=\"article:publisher\" content=\"https:\/\/www.facebook.com\/Psiconefrolog%c3%ada-103011147922560\" \/>\n<meta property=\"article:modified_time\" content=\"2020-11-11T22:14:27+00:00\" \/>\n<meta name=\"twitter:card\" content=\"summary_large_image\" \/>\n<meta name=\"twitter:label1\" content=\"Tiempo de lectura\" \/>\n\t<meta name=\"twitter:data1\" content=\"1 minuto\" \/>\n<script type=\"application\/ld+json\" class=\"yoast-schema-graph\">{\"@context\":\"https:\/\/schema.org\",\"@graph\":[{\"@type\":\"WebPage\",\"@id\":\"https:\/\/psiconefrologia.org\/?page_id=127\",\"url\":\"https:\/\/psiconefrologia.org\/?page_id=127\",\"name\":\"Psicoterapia - Centro de Investigaci\u00f3n y Desarrollo de la Psiconefrolog\u00eda\",\"isPartOf\":{\"@id\":\"https:\/\/psiconefrologia.org\/#website\"},\"datePublished\":\"2020-11-09T18:26:51+00:00\",\"dateModified\":\"2020-11-11T22:14:27+00:00\",\"breadcrumb\":{\"@id\":\"https:\/\/psiconefrologia.org\/?page_id=127#breadcrumb\"},\"inLanguage\":\"es\",\"potentialAction\":[{\"@type\":\"ReadAction\",\"target\":[\"https:\/\/psiconefrologia.org\/?page_id=127\"]}]},{\"@type\":\"BreadcrumbList\",\"@id\":\"https:\/\/psiconefrologia.org\/?page_id=127#breadcrumb\",\"itemListElement\":[{\"@type\":\"ListItem\",\"position\":1,\"name\":\"Portada\",\"item\":\"https:\/\/psiconefrologia.org\/\"},{\"@type\":\"ListItem\",\"position\":2,\"name\":\"Psicoterapia\"}]},{\"@type\":\"WebSite\",\"@id\":\"https:\/\/psiconefrologia.org\/#website\",\"url\":\"https:\/\/psiconefrologia.org\/\",\"name\":\"Centro de Investigaci\u00f3n y Desarrollo de la Psiconefrolog\u00eda\",\"description\":\"descripcion del sitio\",\"publisher\":{\"@id\":\"https:\/\/psiconefrologia.org\/#organization\"},\"potentialAction\":[{\"@type\":\"SearchAction\",\"target\":{\"@type\":\"EntryPoint\",\"urlTemplate\":\"https:\/\/psiconefrologia.org\/?s={search_term_string}\"},\"query-input\":\"required name=search_term_string\"}],\"inLanguage\":\"es\"},{\"@type\":\"Organization\",\"@id\":\"https:\/\/psiconefrologia.org\/#organization\",\"name\":\"Centro de Investigaci\u00f3n y Desarrollo de la Psiconefrolog\u00eda\",\"url\":\"https:\/\/psiconefrologia.org\/\",\"logo\":{\"@type\":\"ImageObject\",\"inLanguage\":\"es\",\"@id\":\"https:\/\/psiconefrologia.org\/#\/schema\/logo\/image\/\",\"url\":\"https:\/\/psiconefrologia.org\/wp-content\/uploads\/2020\/11\/CDiDP-calidad.png\",\"contentUrl\":\"https:\/\/psiconefrologia.org\/wp-content\/uploads\/2020\/11\/CDiDP-calidad.png\",\"width\":3260,\"height\":1549,\"caption\":\"Centro de Investigaci\u00f3n y Desarrollo de la Psiconefrolog\u00eda\"},\"image\":{\"@id\":\"https:\/\/psiconefrologia.org\/#\/schema\/logo\/image\/\"},\"sameAs\":[\"https:\/\/www.facebook.com\/Psiconefrolog\u00eda-103011147922560\"]}]}<\/script>\n<!-- \/ Yoast SEO plugin. -->","yoast_head_json":{"title":"Psicoterapia - Centro de Investigaci\u00f3n y Desarrollo de la Psiconefrolog\u00eda","robots":{"index":"index","follow":"follow","max-snippet":"max-snippet:-1","max-image-preview":"max-image-preview:large","max-video-preview":"max-video-preview:-1"},"canonical":"https:\/\/psiconefrologia.org\/?page_id=127","og_locale":"es_ES","og_type":"article","og_title":"Psicoterapia - Centro de Investigaci\u00f3n y Desarrollo de la Psiconefrolog\u00eda","og_description":"Psicoterapia La psicoterapia es un servicio qu\u00e9 psic\u00f3logos con formaci\u00f3n psicoterapeuta ofrecen para manejar nuestros pensamientos, sentimientos y comportamientos relacionados con los temas que nos preocupan. El Centro de Investigaci\u00f3n y Desarrollo de la Psiconefrolog\u00eda cuenta con especialistas en salud mental que conocen la din\u00e1mica psicol\u00f3gica de las personas que padecen enfermedad renal. Los especialistas [&hellip;]","og_url":"https:\/\/psiconefrologia.org\/?page_id=127","og_site_name":"Centro de Investigaci\u00f3n y Desarrollo de la Psiconefrolog\u00eda","article_publisher":"https:\/\/www.facebook.com\/Psiconefrolog%c3%ada-103011147922560","article_modified_time":"2020-11-11T22:14:27+00:00","twitter_card":"summary_large_image","twitter_misc":{"Tiempo de lectura":"1 minuto"},"schema":{"@context":"https:\/\/schema.org","@graph":[{"@type":"WebPage","@id":"https:\/\/psiconefrologia.org\/?page_id=127","url":"https:\/\/psiconefrologia.org\/?page_id=127","name":"Psicoterapia - Centro de Investigaci\u00f3n y Desarrollo de la Psiconefrolog\u00eda","isPartOf":{"@id":"https:\/\/psiconefrologia.org\/#website"},"datePublished":"2020-11-09T18:26:51+00:00","dateModified":"2020-11-11T22:14:27+00:00","breadcrumb":{"@id":"https:\/\/psiconefrologia.org\/?page_id=127#breadcrumb"},"inLanguage":"es","potentialAction":[{"@type":"ReadAction","target":["https:\/\/psiconefrologia.org\/?page_id=127"]}]},{"@type":"BreadcrumbList","@id":"https:\/\/psiconefrologia.org\/?page_id=127#breadcrumb","itemListElement":[{"@type":"ListItem","position":1,"name":"Portada","item":"https:\/\/psiconefrologia.org\/"},{"@type":"ListItem","position":2,"name":"Psicoterapia"}]},{"@type":"WebSite","@id":"https:\/\/psiconefrologia.org\/#website","url":"https:\/\/psiconefrologia.org\/","name":"Centro de Investigaci\u00f3n y Desarrollo de la Psiconefrolog\u00eda","description":"descripcion del sitio","publisher":{"@id":"https:\/\/psiconefrologia.org\/#organization"},"potentialAction":[{"@type":"SearchAction","target":{"@type":"EntryPoint","urlTemplate":"https:\/\/psiconefrologia.org\/?s={search_term_string}"},"query-input":"required name=search_term_string"}],"inLanguage":"es"},{"@type":"Organization","@id":"https:\/\/psiconefrologia.org\/#organization","name":"Centro de Investigaci\u00f3n y Desarrollo de la Psiconefrolog\u00eda","url":"https:\/\/psiconefrologia.org\/","logo":{"@type":"ImageObject","inLanguage":"es","@id":"https:\/\/psiconefrologia.org\/#\/schema\/logo\/image\/","url":"https:\/\/psiconefrologia.org\/wp-content\/uploads\/2020\/11\/CDiDP-calidad.png","contentUrl":"https:\/\/psiconefrologia.org\/wp-content\/uploads\/2020\/11\/CDiDP-calidad.png","width":3260,"height":1549,"caption":"Centro de Investigaci\u00f3n y Desarrollo de la Psiconefrolog\u00eda"},"image":{"@id":"https:\/\/psiconefrologia.org\/#\/schema\/logo\/image\/"},"sameAs":["https:\/\/www.facebook.com\/Psiconefrolog\u00eda-103011147922560"]}]}},"_links":{"self":[{"href":"https:\/\/psiconefrologia.org\/index.php?rest_route=\/wp\/v2\/pages\/127","targetHints":{"allow":["GET"]}}],"collection":[{"href":"https:\/\/psiconefrologia.org\/index.php?rest_route=\/wp\/v2\/pages"}],"about":[{"href":"https:\/\/psiconefrologia.org\/index.php?rest_route=\/wp\/v2\/types\/page"}],"author":[{"embeddable":true,"href":"https:\/\/psiconefrologia.org\/index.php?rest_route=\/wp\/v2\/users\/1"}],"replies":[{"embeddable":true,"href":"https:\/\/psiconefrologia.org\/index.php?rest_route=%2Fwp%2Fv2%2Fcomments&post=127"}],"version-history":[{"count":10,"href":"https:\/\/psiconefrologia.org\/index.php?rest_route=\/wp\/v2\/pages\/127\/revisions"}],"predecessor-version":[{"id":252,"href":"https:\/\/psiconefrologia.org\/index.php?rest_route=\/wp\/v2\/pages\/127\/revisions\/252"}],"wp:attachment":[{"href":"https:\/\/psiconefrologia.org\/index.php?rest_route=%2Fwp%2Fv2%2Fmedia&parent=127"}],"curies":[{"name":"wp","href":"https:\/\/api.w.org\/{rel}","templated":true}]}}