{"id":164,"date":"2020-11-09T15:52:02","date_gmt":"2020-11-09T21:52:02","guid":{"rendered":"https:\/\/psiconefrologia.org\/?page_id=164"},"modified":"2024-07-02T00:40:51","modified_gmt":"2024-07-02T06:40:51","slug":"cursos","status":"publish","type":"page","link":"https:\/\/psiconefrologia.org\/?page_id=164","title":{"rendered":"Cursos"},"content":{"rendered":"\t\t<div data-elementor-type=\"wp-page\" data-elementor-id=\"164\" class=\"elementor elementor-164\">\n\t\t\t\t\t\t<section class=\"elementor-section elementor-top-section elementor-element elementor-element-be1aa3d elementor-section-boxed elementor-section-height-default elementor-section-height-default\" data-id=\"be1aa3d\" data-element_type=\"section\" data-e-type=\"section\">\n\t\t\t\t\t\t<div class=\"elementor-container elementor-column-gap-default\">\n\t\t\t\t\t<div class=\"elementor-column elementor-col-100 elementor-top-column elementor-element elementor-element-136d156\" data-id=\"136d156\" data-element_type=\"column\" data-e-type=\"column\">\n\t\t\t<div class=\"elementor-widget-wrap elementor-element-populated\">\n\t\t\t\t\t\t<div class=\"elementor-element elementor-element-98b77a6 elementor-widget elementor-widget-heading\" data-id=\"98b77a6\" data-element_type=\"widget\" data-e-type=\"widget\" data-widget_type=\"heading.default\">\n\t\t\t\t<div class=\"elementor-widget-container\">\n\t\t\t\t\t<h1 class=\"elementor-heading-title elementor-size-default\">Cursos<\/h1>\t\t\t\t<\/div>\n\t\t\t\t<\/div>\n\t\t\t\t\t<\/div>\n\t\t<\/div>\n\t\t\t\t\t<\/div>\n\t\t<\/section>\n\t\t\t\t<section class=\"elementor-section elementor-top-section elementor-element elementor-element-e571556 elementor-section-boxed elementor-section-height-default elementor-section-height-default\" data-id=\"e571556\" data-element_type=\"section\" data-e-type=\"section\">\n\t\t\t\t\t\t<div class=\"elementor-container elementor-column-gap-default\">\n\t\t\t\t\t<div class=\"elementor-column elementor-col-100 elementor-top-column elementor-element elementor-element-faa5419\" data-id=\"faa5419\" data-element_type=\"column\" data-e-type=\"column\">\n\t\t\t<div class=\"elementor-widget-wrap elementor-element-populated\">\n\t\t\t\t\t\t<div class=\"elementor-element elementor-element-229205d elementor-widget elementor-widget-heading\" data-id=\"229205d\" data-element_type=\"widget\" data-e-type=\"widget\" data-widget_type=\"heading.default\">\n\t\t\t\t<div class=\"elementor-widget-container\">\n\t\t\t\t\t<h2 class=\"elementor-heading-title elementor-size-default\">Teor\u00eda social, salud y Psiconefrolog\u00eda: <\/h2>\t\t\t\t<\/div>\n\t\t\t\t<\/div>\n\t\t\t\t\t<\/div>\n\t\t<\/div>\n\t\t\t\t\t<\/div>\n\t\t<\/section>\n\t\t\t\t<section class=\"elementor-section elementor-top-section elementor-element elementor-element-37c0c45 elementor-section-boxed elementor-section-height-default elementor-section-height-default\" data-id=\"37c0c45\" data-element_type=\"section\" data-e-type=\"section\">\n\t\t\t\t\t\t<div class=\"elementor-container elementor-column-gap-default\">\n\t\t\t\t\t<div class=\"elementor-column elementor-col-33 elementor-top-column elementor-element elementor-element-6cb7434\" data-id=\"6cb7434\" data-element_type=\"column\" data-e-type=\"column\">\n\t\t\t<div class=\"elementor-widget-wrap elementor-element-populated\">\n\t\t\t\t\t\t<div class=\"elementor-element elementor-element-26a9a44 elementor-widget elementor-widget-image\" data-id=\"26a9a44\" data-element_type=\"widget\" data-e-type=\"widget\" data-widget_type=\"image.default\">\n\t\t\t\t<div class=\"elementor-widget-container\">\n\t\t\t\t\t\t\t\t\t\t\t\t\t\t\t<img decoding=\"async\" src=\"https:\/\/psiconefrologia.org\/wp-content\/uploads\/elementor\/thumbs\/1-1-rkbl9lxvc8dunvjrn2x2sfvjrb010c526maqkkjh6w.png\" title=\"1\" alt=\"1\" loading=\"lazy\" \/>\t\t\t\t\t\t\t\t\t\t\t\t\t\t\t<\/div>\n\t\t\t\t<\/div>\n\t\t\t\t\t<\/div>\n\t\t<\/div>\n\t\t\t\t<div class=\"elementor-column elementor-col-66 elementor-top-column elementor-element elementor-element-fdb5d14\" data-id=\"fdb5d14\" data-element_type=\"column\" data-e-type=\"column\">\n\t\t\t<div class=\"elementor-widget-wrap elementor-element-populated\">\n\t\t\t\t\t\t<div class=\"elementor-element elementor-element-3d37575 elementor-widget elementor-widget-text-editor\" data-id=\"3d37575\" data-element_type=\"widget\" data-e-type=\"widget\" data-widget_type=\"text-editor.default\">\n\t\t\t\t<div class=\"elementor-widget-container\">\n\t\t\t\t\t\t\t\t\t<div><p>Este curso vincula la formaci\u00f3n de teor\u00eda social en el campo de la Psiconefrolog\u00eda desde las ciencias sociales y las ciencias de la salud, especialmente la <strong>antropolog\u00eda m\u00e9dica<\/strong> y <strong>psicolog\u00eda de la salud.<\/strong> El curso aborda los principales enfoques te\u00f3ricos relacionados con los procesos de salud, enfermedad renal y su atenci\u00f3n. Analizaremos los fundamentos te\u00f3ricos, sus aportes, limitaciones y c\u00f3mo podemos incorporarlos en la construcci\u00f3n metodol\u00f3gica de la Psiconefrolog\u00eda.<\/p><\/div><div><p>Env\u00edanos un correo a\u00a0<a href=\"mailto:contacto@psiconefrologia.org\">contacto@psiconefrologia.org<\/a>\u00a0para mayor informaci\u00f3n.<\/p><\/div>\t\t\t\t\t\t\t\t<\/div>\n\t\t\t\t<\/div>\n\t\t\t\t\t<\/div>\n\t\t<\/div>\n\t\t\t\t\t<\/div>\n\t\t<\/section>\n\t\t\t\t<section class=\"elementor-section elementor-top-section elementor-element elementor-element-83400b9 elementor-section-boxed elementor-section-height-default elementor-section-height-default\" data-id=\"83400b9\" data-element_type=\"section\" data-e-type=\"section\">\n\t\t\t\t\t\t<div class=\"elementor-container elementor-column-gap-default\">\n\t\t\t\t\t<div class=\"elementor-column elementor-col-100 elementor-top-column elementor-element elementor-element-3203db2\" data-id=\"3203db2\" data-element_type=\"column\" data-e-type=\"column\">\n\t\t\t<div class=\"elementor-widget-wrap elementor-element-populated\">\n\t\t\t\t\t\t<div class=\"elementor-element elementor-element-f04b18c elementor-widget elementor-widget-heading\" data-id=\"f04b18c\" data-element_type=\"widget\" data-e-type=\"widget\" data-widget_type=\"heading.default\">\n\t\t\t\t<div class=\"elementor-widget-container\">\n\t\t\t\t\t<h2 class=\"elementor-heading-title elementor-size-default\">Cuidados paliativos en el \u00e1rea de la Nefrolog\u00eda: una propuesta desde la Psiconefrolog\u00eda<\/h2>\t\t\t\t<\/div>\n\t\t\t\t<\/div>\n\t\t\t\t\t<\/div>\n\t\t<\/div>\n\t\t\t\t\t<\/div>\n\t\t<\/section>\n\t\t\t\t<section class=\"elementor-section elementor-top-section elementor-element elementor-element-41ffdbe elementor-section-boxed elementor-section-height-default elementor-section-height-default\" data-id=\"41ffdbe\" data-element_type=\"section\" data-e-type=\"section\">\n\t\t\t\t\t\t<div class=\"elementor-container elementor-column-gap-default\">\n\t\t\t\t\t<div class=\"elementor-column elementor-col-33 elementor-top-column elementor-element elementor-element-618fde2\" data-id=\"618fde2\" data-element_type=\"column\" data-e-type=\"column\">\n\t\t\t<div class=\"elementor-widget-wrap elementor-element-populated\">\n\t\t\t\t\t\t<div class=\"elementor-element elementor-element-ce59285 elementor-widget elementor-widget-image\" data-id=\"ce59285\" data-element_type=\"widget\" data-e-type=\"widget\" data-widget_type=\"image.default\">\n\t\t\t\t<div class=\"elementor-widget-container\">\n\t\t\t\t\t\t\t\t\t\t\t\t\t\t\t<img decoding=\"async\" src=\"https:\/\/psiconefrologia.org\/wp-content\/uploads\/elementor\/thumbs\/2-2-rkbl8rv19j8occrgipx0kngsqz4a60tnehf77ps2q0.png\" title=\"2\" alt=\"2\" loading=\"lazy\" \/>\t\t\t\t\t\t\t\t\t\t\t\t\t\t\t<\/div>\n\t\t\t\t<\/div>\n\t\t\t\t\t<\/div>\n\t\t<\/div>\n\t\t\t\t<div class=\"elementor-column elementor-col-66 elementor-top-column elementor-element elementor-element-f0fbe3a\" data-id=\"f0fbe3a\" data-element_type=\"column\" data-e-type=\"column\">\n\t\t\t<div class=\"elementor-widget-wrap elementor-element-populated\">\n\t\t\t\t\t\t<div class=\"elementor-element elementor-element-2d6fc25 elementor-widget elementor-widget-text-editor\" data-id=\"2d6fc25\" data-element_type=\"widget\" data-e-type=\"widget\" data-widget_type=\"text-editor.default\">\n\t\t\t\t<div class=\"elementor-widget-container\">\n\t\t\t\t\t\t\t\t\t<div><p>Este curso busca proporcionar fundamentos b\u00e1sicos para que el personal mejore su capacidad para ofrecer <strong>cuidados paliativos nefrol\u00f3gicos;<\/strong> se abordar\u00e1 las estrategias para evaluar y manejar los s\u00edntomas f\u00edsicos comunes desde la mirada psiconefrol\u00f3gica; se profundizar\u00e1 en el estudio de las necesidades psicol\u00f3gicas y espirituales del paciente y su familia, se desarrollar\u00e1n habilidades que promuevan la comunicaci\u00f3n, resiliencia y el autocuidado.<\/p><\/div><div><p>Env\u00edanos un correo a\u00a0<a href=\"mailto:contacto@psiconefrologia.org\">contacto@psiconefrologia.org<\/a>\u00a0para mayor informaci\u00f3n.<\/p><\/div>\t\t\t\t\t\t\t\t<\/div>\n\t\t\t\t<\/div>\n\t\t\t\t\t<\/div>\n\t\t<\/div>\n\t\t\t\t\t<\/div>\n\t\t<\/section>\n\t\t\t\t<section class=\"elementor-section elementor-top-section elementor-element elementor-element-c626f38 elementor-section-boxed elementor-section-height-default elementor-section-height-default\" data-id=\"c626f38\" data-element_type=\"section\" data-e-type=\"section\">\n\t\t\t\t\t\t<div class=\"elementor-container elementor-column-gap-default\">\n\t\t\t\t\t<div class=\"elementor-column elementor-col-100 elementor-top-column elementor-element elementor-element-b6439fb\" data-id=\"b6439fb\" data-element_type=\"column\" data-e-type=\"column\">\n\t\t\t<div class=\"elementor-widget-wrap elementor-element-populated\">\n\t\t\t\t\t\t<div class=\"elementor-element elementor-element-9b39caa elementor-widget elementor-widget-heading\" data-id=\"9b39caa\" data-element_type=\"widget\" data-e-type=\"widget\" data-widget_type=\"heading.default\">\n\t\t\t\t<div class=\"elementor-widget-container\">\n\t\t\t\t\t<h2 class=\"elementor-heading-title elementor-size-default\">An\u00e1lisis del discurso durante el proceso salud-enfermedad<\/h2>\t\t\t\t<\/div>\n\t\t\t\t<\/div>\n\t\t\t\t\t<\/div>\n\t\t<\/div>\n\t\t\t\t\t<\/div>\n\t\t<\/section>\n\t\t\t\t<section class=\"elementor-section elementor-top-section elementor-element elementor-element-c18d1f6 elementor-section-boxed elementor-section-height-default elementor-section-height-default\" data-id=\"c18d1f6\" data-element_type=\"section\" data-e-type=\"section\">\n\t\t\t\t\t\t<div class=\"elementor-container elementor-column-gap-default\">\n\t\t\t\t\t<div class=\"elementor-column elementor-col-33 elementor-top-column elementor-element elementor-element-835f35e\" data-id=\"835f35e\" data-element_type=\"column\" data-e-type=\"column\">\n\t\t\t<div class=\"elementor-widget-wrap elementor-element-populated\">\n\t\t\t\t\t\t<div class=\"elementor-element elementor-element-087b44c elementor-widget elementor-widget-image\" data-id=\"087b44c\" data-element_type=\"widget\" data-e-type=\"widget\" data-widget_type=\"image.default\">\n\t\t\t\t<div class=\"elementor-widget-container\">\n\t\t\t\t\t\t\t\t\t\t\t\t\t\t\t<img decoding=\"async\" src=\"https:\/\/psiconefrologia.org\/wp-content\/uploads\/elementor\/thumbs\/1879A6-2-rkbl9h8pewjaoj4bcdrchffd88ecud9sc8acqtpgsw.png\" title=\"\u00abAn\u00e1lisis del discurso durante el proceso salud-enfermedad\u200b\u00bb\" alt=\"An\u00e1lisis del discurso durante el proceso salud-enfermedad\u200b\" loading=\"lazy\" \/>\t\t\t\t\t\t\t\t\t\t\t\t\t\t\t<\/div>\n\t\t\t\t<\/div>\n\t\t\t\t\t<\/div>\n\t\t<\/div>\n\t\t\t\t<div class=\"elementor-column elementor-col-66 elementor-top-column elementor-element elementor-element-4ca6d81\" data-id=\"4ca6d81\" data-element_type=\"column\" data-e-type=\"column\">\n\t\t\t<div class=\"elementor-widget-wrap elementor-element-populated\">\n\t\t\t\t\t\t<div class=\"elementor-element elementor-element-e642846 elementor-widget elementor-widget-text-editor\" data-id=\"e642846\" data-element_type=\"widget\" data-e-type=\"widget\" data-widget_type=\"text-editor.default\">\n\t\t\t\t<div class=\"elementor-widget-container\">\n\t\t\t\t\t\t\t\t\t<p style=\"font-weight: 400;\">La terapia narrativa centra a la persona como expertos en su vida con habilidades, competencias, convicciones, valores y capacidades que los apoyar\u00e1 en el tratamiento psicoterap\u00e9utico.<\/p><p style=\"font-weight: 400;\">En la Psiconefrolog\u00eda, las narrativas de los pacientes con ERC son importantes para identificar eventos, creencias, interpretaciones y significados que usan para explicar <strong>el momento del diagn\u00f3stico, el inicio de la di\u00e1lisis, al someterse al trasplante, etc.<\/strong> Este significado es \u00fatil en el proceso de dar un nuevo significado a sus vidas.<\/p><p style=\"font-weight: 400;\">Este curso tiene el objetivo de realizar una revisi\u00f3n documental de las t\u00e9cnicas narrativas, profundizar en los t\u00e9cnicas psicoterap\u00e9uticas y el an\u00e1lisis del contenido del discurso, desarrollar habilidades en el personal de Psiconefrolog\u00eda para fortalecer su trabajo con los pacientes renales y <strong>dise\u00f1ar propuestas innovadoras en el campo de la terapia narrativa.<\/strong><\/p><p style=\"font-weight: 400;\">Env\u00edanos un correo a\u00a0<a href=\"mailto:contacto@psiconefrologia.org\">contacto@psiconefrologia.org<\/a> para mayor informaci\u00f3n.<\/p>\t\t\t\t\t\t\t\t<\/div>\n\t\t\t\t<\/div>\n\t\t\t\t\t<\/div>\n\t\t<\/div>\n\t\t\t\t\t<\/div>\n\t\t<\/section>\n\t\t\t\t<\/div>\n\t\t","protected":false},"excerpt":{"rendered":"<p>Cursos Teor\u00eda social, salud y Psiconefrolog\u00eda: Este curso vincula la formaci\u00f3n de teor\u00eda social en el campo de la Psiconefrolog\u00eda desde las ciencias sociales y las ciencias de la salud, especialmente la antropolog\u00eda m\u00e9dica y psicolog\u00eda de la salud. El curso aborda los principales enfoques te\u00f3ricos relacionados con los procesos de salud, enfermedad renal y [&hellip;]<\/p>\n","protected":false},"author":1,"featured_media":0,"parent":0,"menu_order":0,"comment_status":"closed","ping_status":"closed","template":"","meta":{"site-sidebar-layout":"no-sidebar","site-content-layout":"page-builder","ast-site-content-layout":"","site-content-style":"default","site-sidebar-style":"default","ast-global-header-display":"","ast-banner-title-visibility":"","ast-main-header-display":"","ast-hfb-above-header-display":"","ast-hfb-below-header-display":"","ast-hfb-mobile-header-display":"","site-post-title":"disabled","ast-breadcrumbs-content":"","ast-featured-img":"disabled","footer-sml-layout":"","theme-transparent-header-meta":"default","adv-header-id-meta":"","stick-header-meta":"","header-above-stick-meta":"","header-main-stick-meta":"","header-below-stick-meta":"","astra-migrate-meta-layouts":"default","ast-page-background-enabled":"default","ast-page-background-meta":{"desktop":{"background-color":"","background-image":"","background-repeat":"repeat","background-position":"center center","background-size":"auto","background-attachment":"scroll","background-type":"","background-media":"","overlay-type":"","overlay-color":"","overlay-gradient":""},"tablet":{"background-color":"","background-image":"","background-repeat":"repeat","background-position":"center center","background-size":"auto","background-attachment":"scroll","background-type":"","background-media":"","overlay-type":"","overlay-color":"","overlay-gradient":""},"mobile":{"background-color":"","background-image":"","background-repeat":"repeat","background-position":"center center","background-size":"auto","background-attachment":"scroll","background-type":"","background-media":"","overlay-type":"","overlay-color":"","overlay-gradient":""}},"ast-content-background-meta":{"desktop":{"background-color":"var(--ast-global-color-5)","background-image":"","background-repeat":"repeat","background-position":"center center","background-size":"auto","background-attachment":"scroll","background-type":"","background-media":"","overlay-type":"","overlay-color":"","overlay-gradient":""},"tablet":{"background-color":"var(--ast-global-color-5)","background-image":"","background-repeat":"repeat","background-position":"center center","background-size":"auto","background-attachment":"scroll","background-type":"","background-media":"","overlay-type":"","overlay-color":"","overlay-gradient":""},"mobile":{"background-color":"var(--ast-global-color-5)","background-image":"","background-repeat":"repeat","background-position":"center center","background-size":"auto","background-attachment":"scroll","background-type":"","background-media":"","overlay-type":"","overlay-color":"","overlay-gradient":""}},"footnotes":""},"class_list":["post-164","page","type-page","status-publish","hentry"],"yoast_head":"<!-- This site is optimized with the Yoast SEO plugin v21.9.1 - https:\/\/yoast.com\/wordpress\/plugins\/seo\/ -->\n<title>Cursos - Centro de Investigaci\u00f3n y Desarrollo de la Psiconefrolog\u00eda<\/title>\n<meta name=\"robots\" content=\"index, follow, max-snippet:-1, max-image-preview:large, max-video-preview:-1\" \/>\n<link rel=\"canonical\" href=\"https:\/\/psiconefrologia.org\/?page_id=164\" \/>\n<meta property=\"og:locale\" content=\"es_ES\" \/>\n<meta property=\"og:type\" content=\"article\" \/>\n<meta property=\"og:title\" content=\"Cursos - Centro de Investigaci\u00f3n y Desarrollo de la Psiconefrolog\u00eda\" \/>\n<meta property=\"og:description\" content=\"Cursos Teor\u00eda social, salud y Psiconefrolog\u00eda: Este curso vincula la formaci\u00f3n de teor\u00eda social en el campo de la Psiconefrolog\u00eda desde las ciencias sociales y las ciencias de la salud, especialmente la antropolog\u00eda m\u00e9dica y psicolog\u00eda de la salud. El curso aborda los principales enfoques te\u00f3ricos relacionados con los procesos de salud, enfermedad renal y [&hellip;]\" \/>\n<meta property=\"og:url\" content=\"https:\/\/psiconefrologia.org\/?page_id=164\" \/>\n<meta property=\"og:site_name\" content=\"Centro de Investigaci\u00f3n y Desarrollo de la Psiconefrolog\u00eda\" \/>\n<meta property=\"article:publisher\" content=\"https:\/\/www.facebook.com\/Psiconefrolog%c3%ada-103011147922560\" \/>\n<meta property=\"article:modified_time\" content=\"2024-07-02T06:40:51+00:00\" \/>\n<meta property=\"og:image\" content=\"https:\/\/psiconefrologia.org\/wp-content\/uploads\/elementor\/thumbs\/1-1-qjesmybt6trrx0zb1tfkt32js6nmqcg66nt5nbdqtc.png\" \/>\n<meta name=\"twitter:card\" content=\"summary_large_image\" \/>\n<meta name=\"twitter:label1\" content=\"Tiempo de lectura\" \/>\n\t<meta name=\"twitter:data1\" content=\"3 minutos\" \/>\n<script type=\"application\/ld+json\" class=\"yoast-schema-graph\">{\"@context\":\"https:\/\/schema.org\",\"@graph\":[{\"@type\":\"WebPage\",\"@id\":\"https:\/\/psiconefrologia.org\/?page_id=164\",\"url\":\"https:\/\/psiconefrologia.org\/?page_id=164\",\"name\":\"Cursos - Centro de Investigaci\u00f3n y Desarrollo de la Psiconefrolog\u00eda\",\"isPartOf\":{\"@id\":\"https:\/\/psiconefrologia.org\/#website\"},\"datePublished\":\"2020-11-09T21:52:02+00:00\",\"dateModified\":\"2024-07-02T06:40:51+00:00\",\"breadcrumb\":{\"@id\":\"https:\/\/psiconefrologia.org\/?page_id=164#breadcrumb\"},\"inLanguage\":\"es\",\"potentialAction\":[{\"@type\":\"ReadAction\",\"target\":[\"https:\/\/psiconefrologia.org\/?page_id=164\"]}]},{\"@type\":\"BreadcrumbList\",\"@id\":\"https:\/\/psiconefrologia.org\/?page_id=164#breadcrumb\",\"itemListElement\":[{\"@type\":\"ListItem\",\"position\":1,\"name\":\"Portada\",\"item\":\"https:\/\/psiconefrologia.org\/\"},{\"@type\":\"ListItem\",\"position\":2,\"name\":\"Cursos\"}]},{\"@type\":\"WebSite\",\"@id\":\"https:\/\/psiconefrologia.org\/#website\",\"url\":\"https:\/\/psiconefrologia.org\/\",\"name\":\"Centro de Investigaci\u00f3n y Desarrollo de la Psiconefrolog\u00eda\",\"description\":\"descripcion del sitio\",\"publisher\":{\"@id\":\"https:\/\/psiconefrologia.org\/#organization\"},\"potentialAction\":[{\"@type\":\"SearchAction\",\"target\":{\"@type\":\"EntryPoint\",\"urlTemplate\":\"https:\/\/psiconefrologia.org\/?s={search_term_string}\"},\"query-input\":\"required name=search_term_string\"}],\"inLanguage\":\"es\"},{\"@type\":\"Organization\",\"@id\":\"https:\/\/psiconefrologia.org\/#organization\",\"name\":\"Centro de Investigaci\u00f3n y Desarrollo de la Psiconefrolog\u00eda\",\"url\":\"https:\/\/psiconefrologia.org\/\",\"logo\":{\"@type\":\"ImageObject\",\"inLanguage\":\"es\",\"@id\":\"https:\/\/psiconefrologia.org\/#\/schema\/logo\/image\/\",\"url\":\"https:\/\/psiconefrologia.org\/wp-content\/uploads\/2020\/11\/CDiDP-calidad.png\",\"contentUrl\":\"https:\/\/psiconefrologia.org\/wp-content\/uploads\/2020\/11\/CDiDP-calidad.png\",\"width\":3260,\"height\":1549,\"caption\":\"Centro de Investigaci\u00f3n y Desarrollo de la Psiconefrolog\u00eda\"},\"image\":{\"@id\":\"https:\/\/psiconefrologia.org\/#\/schema\/logo\/image\/\"},\"sameAs\":[\"https:\/\/www.facebook.com\/Psiconefrolog\u00eda-103011147922560\"]}]}<\/script>\n<!-- \/ Yoast SEO plugin. -->","yoast_head_json":{"title":"Cursos - Centro de Investigaci\u00f3n y Desarrollo de la Psiconefrolog\u00eda","robots":{"index":"index","follow":"follow","max-snippet":"max-snippet:-1","max-image-preview":"max-image-preview:large","max-video-preview":"max-video-preview:-1"},"canonical":"https:\/\/psiconefrologia.org\/?page_id=164","og_locale":"es_ES","og_type":"article","og_title":"Cursos - Centro de Investigaci\u00f3n y Desarrollo de la Psiconefrolog\u00eda","og_description":"Cursos Teor\u00eda social, salud y Psiconefrolog\u00eda: Este curso vincula la formaci\u00f3n de teor\u00eda social en el campo de la Psiconefrolog\u00eda desde las ciencias sociales y las ciencias de la salud, especialmente la antropolog\u00eda m\u00e9dica y psicolog\u00eda de la salud. El curso aborda los principales enfoques te\u00f3ricos relacionados con los procesos de salud, enfermedad renal y [&hellip;]","og_url":"https:\/\/psiconefrologia.org\/?page_id=164","og_site_name":"Centro de Investigaci\u00f3n y Desarrollo de la Psiconefrolog\u00eda","article_publisher":"https:\/\/www.facebook.com\/Psiconefrolog%c3%ada-103011147922560","article_modified_time":"2024-07-02T06:40:51+00:00","og_image":[{"url":"https:\/\/psiconefrologia.org\/wp-content\/uploads\/elementor\/thumbs\/1-1-qjesmybt6trrx0zb1tfkt32js6nmqcg66nt5nbdqtc.png"}],"twitter_card":"summary_large_image","twitter_misc":{"Tiempo de lectura":"3 minutos"},"schema":{"@context":"https:\/\/schema.org","@graph":[{"@type":"WebPage","@id":"https:\/\/psiconefrologia.org\/?page_id=164","url":"https:\/\/psiconefrologia.org\/?page_id=164","name":"Cursos - Centro de Investigaci\u00f3n y Desarrollo de la Psiconefrolog\u00eda","isPartOf":{"@id":"https:\/\/psiconefrologia.org\/#website"},"datePublished":"2020-11-09T21:52:02+00:00","dateModified":"2024-07-02T06:40:51+00:00","breadcrumb":{"@id":"https:\/\/psiconefrologia.org\/?page_id=164#breadcrumb"},"inLanguage":"es","potentialAction":[{"@type":"ReadAction","target":["https:\/\/psiconefrologia.org\/?page_id=164"]}]},{"@type":"BreadcrumbList","@id":"https:\/\/psiconefrologia.org\/?page_id=164#breadcrumb","itemListElement":[{"@type":"ListItem","position":1,"name":"Portada","item":"https:\/\/psiconefrologia.org\/"},{"@type":"ListItem","position":2,"name":"Cursos"}]},{"@type":"WebSite","@id":"https:\/\/psiconefrologia.org\/#website","url":"https:\/\/psiconefrologia.org\/","name":"Centro de Investigaci\u00f3n y Desarrollo de la Psiconefrolog\u00eda","description":"descripcion del sitio","publisher":{"@id":"https:\/\/psiconefrologia.org\/#organization"},"potentialAction":[{"@type":"SearchAction","target":{"@type":"EntryPoint","urlTemplate":"https:\/\/psiconefrologia.org\/?s={search_term_string}"},"query-input":"required name=search_term_string"}],"inLanguage":"es"},{"@type":"Organization","@id":"https:\/\/psiconefrologia.org\/#organization","name":"Centro de Investigaci\u00f3n y Desarrollo de la Psiconefrolog\u00eda","url":"https:\/\/psiconefrologia.org\/","logo":{"@type":"ImageObject","inLanguage":"es","@id":"https:\/\/psiconefrologia.org\/#\/schema\/logo\/image\/","url":"https:\/\/psiconefrologia.org\/wp-content\/uploads\/2020\/11\/CDiDP-calidad.png","contentUrl":"https:\/\/psiconefrologia.org\/wp-content\/uploads\/2020\/11\/CDiDP-calidad.png","width":3260,"height":1549,"caption":"Centro de Investigaci\u00f3n y Desarrollo de la Psiconefrolog\u00eda"},"image":{"@id":"https:\/\/psiconefrologia.org\/#\/schema\/logo\/image\/"},"sameAs":["https:\/\/www.facebook.com\/Psiconefrolog\u00eda-103011147922560"]}]}},"_links":{"self":[{"href":"https:\/\/psiconefrologia.org\/index.php?rest_route=\/wp\/v2\/pages\/164","targetHints":{"allow":["GET"]}}],"collection":[{"href":"https:\/\/psiconefrologia.org\/index.php?rest_route=\/wp\/v2\/pages"}],"about":[{"href":"https:\/\/psiconefrologia.org\/index.php?rest_route=\/wp\/v2\/types\/page"}],"author":[{"embeddable":true,"href":"https:\/\/psiconefrologia.org\/index.php?rest_route=\/wp\/v2\/users\/1"}],"replies":[{"embeddable":true,"href":"https:\/\/psiconefrologia.org\/index.php?rest_route=%2Fwp%2Fv2%2Fcomments&post=164"}],"version-history":[{"count":33,"href":"https:\/\/psiconefrologia.org\/index.php?rest_route=\/wp\/v2\/pages\/164\/revisions"}],"predecessor-version":[{"id":498,"href":"https:\/\/psiconefrologia.org\/index.php?rest_route=\/wp\/v2\/pages\/164\/revisions\/498"}],"wp:attachment":[{"href":"https:\/\/psiconefrologia.org\/index.php?rest_route=%2Fwp%2Fv2%2Fmedia&parent=164"}],"curies":[{"name":"wp","href":"https:\/\/api.w.org\/{rel}","templated":true}]}}