{"id":204,"date":"2020-11-09T17:38:32","date_gmt":"2020-11-09T23:38:32","guid":{"rendered":"https:\/\/psiconefrologia.org\/?page_id=204"},"modified":"2024-07-02T01:02:47","modified_gmt":"2024-07-02T07:02:47","slug":"diplomado","status":"publish","type":"page","link":"https:\/\/psiconefrologia.org\/?page_id=204","title":{"rendered":"Diplomado"},"content":{"rendered":"\t\t<div data-elementor-type=\"wp-page\" data-elementor-id=\"204\" class=\"elementor elementor-204\">\n\t\t\t\t\t\t<section class=\"elementor-section elementor-top-section elementor-element elementor-element-ddf6875 elementor-section-boxed elementor-section-height-default elementor-section-height-default\" data-id=\"ddf6875\" data-element_type=\"section\" data-e-type=\"section\">\n\t\t\t\t\t\t<div class=\"elementor-container elementor-column-gap-default\">\n\t\t\t\t\t<div class=\"elementor-column elementor-col-100 elementor-top-column elementor-element elementor-element-1700849\" data-id=\"1700849\" data-element_type=\"column\" data-e-type=\"column\">\n\t\t\t<div class=\"elementor-widget-wrap elementor-element-populated\">\n\t\t\t\t\t\t<div class=\"elementor-element elementor-element-7a7a476 elementor-widget elementor-widget-heading\" data-id=\"7a7a476\" data-element_type=\"widget\" data-e-type=\"widget\" data-widget_type=\"heading.default\">\n\t\t\t\t<div class=\"elementor-widget-container\">\n\t\t\t\t\t<h1 class=\"elementor-heading-title elementor-size-default\">Diplomado<\/h1>\t\t\t\t<\/div>\n\t\t\t\t<\/div>\n\t\t\t\t\t<\/div>\n\t\t<\/div>\n\t\t\t\t\t<\/div>\n\t\t<\/section>\n\t\t\t\t<section class=\"elementor-section elementor-top-section elementor-element elementor-element-5be66bc elementor-section-boxed elementor-section-height-default elementor-section-height-default\" data-id=\"5be66bc\" data-element_type=\"section\" data-e-type=\"section\">\n\t\t\t\t\t\t<div class=\"elementor-container elementor-column-gap-default\">\n\t\t\t\t\t<div class=\"elementor-column elementor-col-100 elementor-top-column elementor-element elementor-element-52bf739\" data-id=\"52bf739\" data-element_type=\"column\" data-e-type=\"column\">\n\t\t\t<div class=\"elementor-widget-wrap elementor-element-populated\">\n\t\t\t\t\t\t<div class=\"elementor-element elementor-element-7ad20e6 elementor-widget elementor-widget-image\" data-id=\"7ad20e6\" data-element_type=\"widget\" data-e-type=\"widget\" data-widget_type=\"image.default\">\n\t\t\t\t<div class=\"elementor-widget-container\">\n\t\t\t\t\t\t\t\t\t\t\t\t<figure class=\"wp-caption\">\n\t\t\t\t\t\t\t\t\t\t<img decoding=\"async\" src=\"https:\/\/psiconefrologia.org\/wp-content\/uploads\/elementor\/thumbs\/Diplomado-Psiconefrologia-24-25-a-rkbl8la5xozo3310l52ml74kla0po53j1kusus1txk.png\" title=\"Diplomado Psiconefrolog\u00eda 24-25 -a\" alt=\"Diplomado Psiconefrolog\u00eda 24-25 -a\" loading=\"lazy\" \/>\t\t\t\t\t\t\t\t\t\t\t<figcaption class=\"widget-image-caption wp-caption-text\"><\/figcaption>\n\t\t\t\t\t\t\t\t\t\t<\/figure>\n\t\t\t\t\t\t\t\t\t<\/div>\n\t\t\t\t<\/div>\n\t\t\t\t\t<\/div>\n\t\t<\/div>\n\t\t\t\t\t<\/div>\n\t\t<\/section>\n\t\t<div class=\"elementor-element elementor-element-18f8ecd e-flex e-con-boxed e-con e-parent\" data-id=\"18f8ecd\" data-element_type=\"container\" data-e-type=\"container\">\n\t\t\t\t\t<div class=\"e-con-inner\">\n\t\t\t\t<div class=\"elementor-element elementor-element-137869b elementor-widget elementor-widget-image\" data-id=\"137869b\" data-element_type=\"widget\" data-e-type=\"widget\" data-widget_type=\"image.default\">\n\t\t\t\t<div class=\"elementor-widget-container\">\n\t\t\t\t\t\t\t\t\t\t\t\t\t\t\t<img decoding=\"async\" src=\"https:\/\/psiconefrologia.org\/wp-content\/uploads\/elementor\/thumbs\/Diplomado-Psiconefrologia-24-25-b-rkbl8hit6cuisn6h73g4b82q7qj8tcolp28uxo7emg.png\" title=\"Diplomado Psiconefrolog\u00eda 24-25 -b\" alt=\"Diplomado Psiconefrolog\u00eda 24-25 -b\" loading=\"lazy\" \/>\t\t\t\t\t\t\t\t\t\t\t\t\t\t\t<\/div>\n\t\t\t\t<\/div>\n\t\t\t\t\t<\/div>\n\t\t\t\t<\/div>\n\t\t<div class=\"elementor-element elementor-element-863447e e-flex e-con-boxed e-con e-parent\" data-id=\"863447e\" data-element_type=\"container\" data-e-type=\"container\">\n\t\t\t\t\t<div class=\"e-con-inner\">\n\t\t\t\t<div class=\"elementor-element elementor-element-b887042 elementor-widget elementor-widget-image\" data-id=\"b887042\" data-element_type=\"widget\" data-e-type=\"widget\" data-widget_type=\"image.default\">\n\t\t\t\t<div class=\"elementor-widget-container\">\n\t\t\t\t\t\t\t\t\t\t\t\t\t\t\t<img decoding=\"async\" src=\"https:\/\/psiconefrologia.org\/wp-content\/uploads\/elementor\/thumbs\/Diplomado-Psiconefrologia-24-25-c-rkbl8o3oi73j1wwx4oaiaoeydfmtb8eq1yt9alxnew.png\" title=\"Diplomado Psiconefrolog\u00eda 24-25 -c\" alt=\"Diplomado Psiconefrolog\u00eda 24-25 -c\" loading=\"lazy\" \/>\t\t\t\t\t\t\t\t\t\t\t\t\t\t\t<\/div>\n\t\t\t\t<\/div>\n\t\t\t\t\t<\/div>\n\t\t\t\t<\/div>\n\t\t<div class=\"elementor-element elementor-element-3608e27 e-flex e-con-boxed e-con e-parent\" data-id=\"3608e27\" data-element_type=\"container\" data-e-type=\"container\">\n\t\t\t\t\t<div class=\"e-con-inner\">\n\t\t\t\t<div class=\"elementor-element elementor-element-1ffd7cf elementor-widget elementor-widget-image\" data-id=\"1ffd7cf\" data-element_type=\"widget\" data-e-type=\"widget\" data-widget_type=\"image.default\">\n\t\t\t\t<div class=\"elementor-widget-container\">\n\t\t\t\t\t\t\t\t\t\t\t\t\t\t\t<img fetchpriority=\"high\" decoding=\"async\" width=\"940\" height=\"788\" src=\"https:\/\/psiconefrologia.org\/wp-content\/uploads\/2024\/07\/Diplomado-Psiconefrologia-24-25-d.png\" class=\"attachment-large size-large wp-image-502\" alt=\"\" srcset=\"https:\/\/psiconefrologia.org\/wp-content\/uploads\/2024\/07\/Diplomado-Psiconefrologia-24-25-d.png 940w, https:\/\/psiconefrologia.org\/wp-content\/uploads\/2024\/07\/Diplomado-Psiconefrologia-24-25-d-300x251.png 300w, https:\/\/psiconefrologia.org\/wp-content\/uploads\/2024\/07\/Diplomado-Psiconefrologia-24-25-d-768x644.png 768w\" sizes=\"(max-width: 940px) 100vw, 940px\" \/>\t\t\t\t\t\t\t\t\t\t\t\t\t\t\t<\/div>\n\t\t\t\t<\/div>\n\t\t\t\t\t<\/div>\n\t\t\t\t<\/div>\n\t\t\t\t<section class=\"elementor-section elementor-top-section elementor-element elementor-element-8738f36 elementor-section-boxed elementor-section-height-default elementor-section-height-default\" data-id=\"8738f36\" data-element_type=\"section\" data-e-type=\"section\">\n\t\t\t\t\t\t<div class=\"elementor-container elementor-column-gap-default\">\n\t\t\t\t\t<div class=\"elementor-column elementor-col-100 elementor-top-column elementor-element elementor-element-36be0f1\" data-id=\"36be0f1\" data-element_type=\"column\" data-e-type=\"column\">\n\t\t\t<div class=\"elementor-widget-wrap elementor-element-populated\">\n\t\t\t\t\t\t<div class=\"elementor-element elementor-element-e344c8a elementor-button-info elementor-align-center elementor-widget elementor-widget-button\" data-id=\"e344c8a\" data-element_type=\"widget\" data-e-type=\"widget\" data-widget_type=\"button.default\">\n\t\t\t\t<div class=\"elementor-widget-container\">\n\t\t\t\t\t\t\t\t\t<div class=\"elementor-button-wrapper\">\n\t\t\t\t\t<a class=\"elementor-button elementor-button-link elementor-size-xl\" href=\"https:\/\/wa.me\/527711349083\">\n\t\t\t\t\t\t<span class=\"elementor-button-content-wrapper\">\n\t\t\t\t\t\t\t\t\t<span class=\"elementor-button-text\">M\u00e1s informaci\u00f3n<\/span>\n\t\t\t\t\t<\/span>\n\t\t\t\t\t<\/a>\n\t\t\t\t<\/div>\n\t\t\t\t\t\t\t\t<\/div>\n\t\t\t\t<\/div>\n\t\t\t\t\t<\/div>\n\t\t<\/div>\n\t\t\t\t\t<\/div>\n\t\t<\/section>\n\t\t\t\t<\/div>\n\t\t","protected":false},"excerpt":{"rendered":"<p>Diplomado M\u00e1s informaci\u00f3n<\/p>\n","protected":false},"author":1,"featured_media":0,"parent":0,"menu_order":0,"comment_status":"closed","ping_status":"closed","template":"","meta":{"site-sidebar-layout":"no-sidebar","site-content-layout":"page-builder","ast-site-content-layout":"full-width-container","site-content-style":"unboxed","site-sidebar-style":"unboxed","ast-global-header-display":"","ast-banner-title-visibility":"","ast-main-header-display":"","ast-hfb-above-header-display":"","ast-hfb-below-header-display":"","ast-hfb-mobile-header-display":"","site-post-title":"disabled","ast-breadcrumbs-content":"","ast-featured-img":"disabled","footer-sml-layout":"","theme-transparent-header-meta":"default","adv-header-id-meta":"","stick-header-meta":"","header-above-stick-meta":"","header-main-stick-meta":"","header-below-stick-meta":"","astra-migrate-meta-layouts":"set","ast-page-background-enabled":"default","ast-page-background-meta":{"desktop":{"background-color":"","background-image":"","background-repeat":"repeat","background-position":"center center","background-size":"auto","background-attachment":"scroll","background-type":"","background-media":"","overlay-type":"","overlay-color":"","overlay-gradient":""},"tablet":{"background-color":"","background-image":"","background-repeat":"repeat","background-position":"center center","background-size":"auto","background-attachment":"scroll","background-type":"","background-media":"","overlay-type":"","overlay-color":"","overlay-gradient":""},"mobile":{"background-color":"","background-image":"","background-repeat":"repeat","background-position":"center center","background-size":"auto","background-attachment":"scroll","background-type":"","background-media":"","overlay-type":"","overlay-color":"","overlay-gradient":""}},"ast-content-background-meta":{"desktop":{"background-color":"var(--ast-global-color-5)","background-image":"","background-repeat":"repeat","background-position":"center center","background-size":"auto","background-attachment":"scroll","background-type":"","background-media":"","overlay-type":"","overlay-color":"","overlay-gradient":""},"tablet":{"background-color":"var(--ast-global-color-5)","background-image":"","background-repeat":"repeat","background-position":"center center","background-size":"auto","background-attachment":"scroll","background-type":"","background-media":"","overlay-type":"","overlay-color":"","overlay-gradient":""},"mobile":{"background-color":"var(--ast-global-color-5)","background-image":"","background-repeat":"repeat","background-position":"center center","background-size":"auto","background-attachment":"scroll","background-type":"","background-media":"","overlay-type":"","overlay-color":"","overlay-gradient":""}},"footnotes":""},"class_list":["post-204","page","type-page","status-publish","hentry"],"yoast_head":"<!-- This site is optimized with the Yoast SEO plugin v21.9.1 - https:\/\/yoast.com\/wordpress\/plugins\/seo\/ -->\n<title>Diplomado - Centro de Investigaci\u00f3n y Desarrollo de la Psiconefrolog\u00eda<\/title>\n<meta name=\"robots\" content=\"index, follow, max-snippet:-1, max-image-preview:large, max-video-preview:-1\" \/>\n<link rel=\"canonical\" href=\"https:\/\/psiconefrologia.org\/?page_id=204\" \/>\n<meta property=\"og:locale\" content=\"es_ES\" \/>\n<meta property=\"og:type\" content=\"article\" \/>\n<meta property=\"og:title\" content=\"Diplomado - Centro de Investigaci\u00f3n y Desarrollo de la Psiconefrolog\u00eda\" \/>\n<meta property=\"og:description\" content=\"Diplomado M\u00e1s informaci\u00f3n\" \/>\n<meta property=\"og:url\" content=\"https:\/\/psiconefrologia.org\/?page_id=204\" \/>\n<meta property=\"og:site_name\" content=\"Centro de Investigaci\u00f3n y Desarrollo de la Psiconefrolog\u00eda\" \/>\n<meta property=\"article:publisher\" content=\"https:\/\/www.facebook.com\/Psiconefrolog%c3%ada-103011147922560\" \/>\n<meta property=\"article:modified_time\" content=\"2024-07-02T07:02:47+00:00\" \/>\n<meta property=\"og:image\" content=\"https:\/\/psiconefrologia.org\/wp-content\/uploads\/elementor\/thumbs\/Diplomado-Psiconefrologia-24-25-a-qqi8uwl2jld2ka4b3j5j5r0dewktmkdzl303sh7tfs.png\" \/>\n<meta name=\"twitter:card\" content=\"summary_large_image\" \/>\n<meta name=\"twitter:label1\" content=\"Tiempo de lectura\" \/>\n\t<meta name=\"twitter:data1\" content=\"1 minuto\" \/>\n<script type=\"application\/ld+json\" class=\"yoast-schema-graph\">{\"@context\":\"https:\/\/schema.org\",\"@graph\":[{\"@type\":\"WebPage\",\"@id\":\"https:\/\/psiconefrologia.org\/?page_id=204\",\"url\":\"https:\/\/psiconefrologia.org\/?page_id=204\",\"name\":\"Diplomado - Centro de Investigaci\u00f3n y Desarrollo de la Psiconefrolog\u00eda\",\"isPartOf\":{\"@id\":\"https:\/\/psiconefrologia.org\/#website\"},\"datePublished\":\"2020-11-09T23:38:32+00:00\",\"dateModified\":\"2024-07-02T07:02:47+00:00\",\"breadcrumb\":{\"@id\":\"https:\/\/psiconefrologia.org\/?page_id=204#breadcrumb\"},\"inLanguage\":\"es\",\"potentialAction\":[{\"@type\":\"ReadAction\",\"target\":[\"https:\/\/psiconefrologia.org\/?page_id=204\"]}]},{\"@type\":\"BreadcrumbList\",\"@id\":\"https:\/\/psiconefrologia.org\/?page_id=204#breadcrumb\",\"itemListElement\":[{\"@type\":\"ListItem\",\"position\":1,\"name\":\"Portada\",\"item\":\"https:\/\/psiconefrologia.org\/\"},{\"@type\":\"ListItem\",\"position\":2,\"name\":\"Diplomado\"}]},{\"@type\":\"WebSite\",\"@id\":\"https:\/\/psiconefrologia.org\/#website\",\"url\":\"https:\/\/psiconefrologia.org\/\",\"name\":\"Centro de Investigaci\u00f3n y Desarrollo de la Psiconefrolog\u00eda\",\"description\":\"descripcion del sitio\",\"publisher\":{\"@id\":\"https:\/\/psiconefrologia.org\/#organization\"},\"potentialAction\":[{\"@type\":\"SearchAction\",\"target\":{\"@type\":\"EntryPoint\",\"urlTemplate\":\"https:\/\/psiconefrologia.org\/?s={search_term_string}\"},\"query-input\":\"required name=search_term_string\"}],\"inLanguage\":\"es\"},{\"@type\":\"Organization\",\"@id\":\"https:\/\/psiconefrologia.org\/#organization\",\"name\":\"Centro de Investigaci\u00f3n y Desarrollo de la Psiconefrolog\u00eda\",\"url\":\"https:\/\/psiconefrologia.org\/\",\"logo\":{\"@type\":\"ImageObject\",\"inLanguage\":\"es\",\"@id\":\"https:\/\/psiconefrologia.org\/#\/schema\/logo\/image\/\",\"url\":\"https:\/\/psiconefrologia.org\/wp-content\/uploads\/2020\/11\/CDiDP-calidad.png\",\"contentUrl\":\"https:\/\/psiconefrologia.org\/wp-content\/uploads\/2020\/11\/CDiDP-calidad.png\",\"width\":3260,\"height\":1549,\"caption\":\"Centro de Investigaci\u00f3n y Desarrollo de la Psiconefrolog\u00eda\"},\"image\":{\"@id\":\"https:\/\/psiconefrologia.org\/#\/schema\/logo\/image\/\"},\"sameAs\":[\"https:\/\/www.facebook.com\/Psiconefrolog\u00eda-103011147922560\"]}]}<\/script>\n<!-- \/ Yoast SEO plugin. -->","yoast_head_json":{"title":"Diplomado - Centro de Investigaci\u00f3n y Desarrollo de la Psiconefrolog\u00eda","robots":{"index":"index","follow":"follow","max-snippet":"max-snippet:-1","max-image-preview":"max-image-preview:large","max-video-preview":"max-video-preview:-1"},"canonical":"https:\/\/psiconefrologia.org\/?page_id=204","og_locale":"es_ES","og_type":"article","og_title":"Diplomado - Centro de Investigaci\u00f3n y Desarrollo de la Psiconefrolog\u00eda","og_description":"Diplomado M\u00e1s informaci\u00f3n","og_url":"https:\/\/psiconefrologia.org\/?page_id=204","og_site_name":"Centro de Investigaci\u00f3n y Desarrollo de la Psiconefrolog\u00eda","article_publisher":"https:\/\/www.facebook.com\/Psiconefrolog%c3%ada-103011147922560","article_modified_time":"2024-07-02T07:02:47+00:00","og_image":[{"url":"https:\/\/psiconefrologia.org\/wp-content\/uploads\/elementor\/thumbs\/Diplomado-Psiconefrologia-24-25-a-qqi8uwl2jld2ka4b3j5j5r0dewktmkdzl303sh7tfs.png"}],"twitter_card":"summary_large_image","twitter_misc":{"Tiempo de lectura":"1 minuto"},"schema":{"@context":"https:\/\/schema.org","@graph":[{"@type":"WebPage","@id":"https:\/\/psiconefrologia.org\/?page_id=204","url":"https:\/\/psiconefrologia.org\/?page_id=204","name":"Diplomado - Centro de Investigaci\u00f3n y Desarrollo de la Psiconefrolog\u00eda","isPartOf":{"@id":"https:\/\/psiconefrologia.org\/#website"},"datePublished":"2020-11-09T23:38:32+00:00","dateModified":"2024-07-02T07:02:47+00:00","breadcrumb":{"@id":"https:\/\/psiconefrologia.org\/?page_id=204#breadcrumb"},"inLanguage":"es","potentialAction":[{"@type":"ReadAction","target":["https:\/\/psiconefrologia.org\/?page_id=204"]}]},{"@type":"BreadcrumbList","@id":"https:\/\/psiconefrologia.org\/?page_id=204#breadcrumb","itemListElement":[{"@type":"ListItem","position":1,"name":"Portada","item":"https:\/\/psiconefrologia.org\/"},{"@type":"ListItem","position":2,"name":"Diplomado"}]},{"@type":"WebSite","@id":"https:\/\/psiconefrologia.org\/#website","url":"https:\/\/psiconefrologia.org\/","name":"Centro de Investigaci\u00f3n y Desarrollo de la Psiconefrolog\u00eda","description":"descripcion del sitio","publisher":{"@id":"https:\/\/psiconefrologia.org\/#organization"},"potentialAction":[{"@type":"SearchAction","target":{"@type":"EntryPoint","urlTemplate":"https:\/\/psiconefrologia.org\/?s={search_term_string}"},"query-input":"required name=search_term_string"}],"inLanguage":"es"},{"@type":"Organization","@id":"https:\/\/psiconefrologia.org\/#organization","name":"Centro de Investigaci\u00f3n y Desarrollo de la Psiconefrolog\u00eda","url":"https:\/\/psiconefrologia.org\/","logo":{"@type":"ImageObject","inLanguage":"es","@id":"https:\/\/psiconefrologia.org\/#\/schema\/logo\/image\/","url":"https:\/\/psiconefrologia.org\/wp-content\/uploads\/2020\/11\/CDiDP-calidad.png","contentUrl":"https:\/\/psiconefrologia.org\/wp-content\/uploads\/2020\/11\/CDiDP-calidad.png","width":3260,"height":1549,"caption":"Centro de Investigaci\u00f3n y Desarrollo de la Psiconefrolog\u00eda"},"image":{"@id":"https:\/\/psiconefrologia.org\/#\/schema\/logo\/image\/"},"sameAs":["https:\/\/www.facebook.com\/Psiconefrolog\u00eda-103011147922560"]}]}},"_links":{"self":[{"href":"https:\/\/psiconefrologia.org\/index.php?rest_route=\/wp\/v2\/pages\/204","targetHints":{"allow":["GET"]}}],"collection":[{"href":"https:\/\/psiconefrologia.org\/index.php?rest_route=\/wp\/v2\/pages"}],"about":[{"href":"https:\/\/psiconefrologia.org\/index.php?rest_route=\/wp\/v2\/types\/page"}],"author":[{"embeddable":true,"href":"https:\/\/psiconefrologia.org\/index.php?rest_route=\/wp\/v2\/users\/1"}],"replies":[{"embeddable":true,"href":"https:\/\/psiconefrologia.org\/index.php?rest_route=%2Fwp%2Fv2%2Fcomments&post=204"}],"version-history":[{"count":36,"href":"https:\/\/psiconefrologia.org\/index.php?rest_route=\/wp\/v2\/pages\/204\/revisions"}],"predecessor-version":[{"id":511,"href":"https:\/\/psiconefrologia.org\/index.php?rest_route=\/wp\/v2\/pages\/204\/revisions\/511"}],"wp:attachment":[{"href":"https:\/\/psiconefrologia.org\/index.php?rest_route=%2Fwp%2Fv2%2Fmedia&parent=204"}],"curies":[{"name":"wp","href":"https:\/\/api.w.org\/{rel}","templated":true}]}}