{"id":222,"date":"2020-11-11T14:45:02","date_gmt":"2020-11-11T20:45:02","guid":{"rendered":"https:\/\/psiconefrologia.org\/?page_id=222"},"modified":"2020-11-11T14:58:48","modified_gmt":"2020-11-11T20:58:48","slug":"aviso-de-privacidad","status":"publish","type":"page","link":"https:\/\/psiconefrologia.org\/?page_id=222","title":{"rendered":"Aviso de privacidad"},"content":{"rendered":"\t\t<div data-elementor-type=\"wp-page\" data-elementor-id=\"222\" class=\"elementor elementor-222\">\n\t\t\t\t\t\t<section class=\"elementor-section elementor-top-section elementor-element elementor-element-0574f60 elementor-section-boxed elementor-section-height-default elementor-section-height-default\" data-id=\"0574f60\" data-element_type=\"section\" data-e-type=\"section\">\n\t\t\t\t\t\t<div class=\"elementor-container elementor-column-gap-default\">\n\t\t\t\t\t<div class=\"elementor-column elementor-col-100 elementor-top-column elementor-element elementor-element-6ed14ea\" data-id=\"6ed14ea\" data-element_type=\"column\" data-e-type=\"column\">\n\t\t\t<div class=\"elementor-widget-wrap elementor-element-populated\">\n\t\t\t\t\t\t<div class=\"elementor-element elementor-element-4ba014d elementor-widget elementor-widget-heading\" data-id=\"4ba014d\" data-element_type=\"widget\" data-e-type=\"widget\" data-widget_type=\"heading.default\">\n\t\t\t\t<div class=\"elementor-widget-container\">\n\t\t\t\t\t<h1 class=\"elementor-heading-title elementor-size-default\">Aviso de Privacidad.<\/h1>\t\t\t\t<\/div>\n\t\t\t\t<\/div>\n\t\t\t\t\t<\/div>\n\t\t<\/div>\n\t\t\t\t\t<\/div>\n\t\t<\/section>\n\t\t\t\t<section class=\"elementor-section elementor-top-section elementor-element elementor-element-6b07700 elementor-section-boxed elementor-section-height-default elementor-section-height-default\" data-id=\"6b07700\" data-element_type=\"section\" data-e-type=\"section\">\n\t\t\t\t\t\t<div class=\"elementor-container elementor-column-gap-default\">\n\t\t\t\t\t<div class=\"elementor-column elementor-col-100 elementor-top-column elementor-element elementor-element-4c5bec9\" data-id=\"4c5bec9\" data-element_type=\"column\" data-e-type=\"column\">\n\t\t\t<div class=\"elementor-widget-wrap elementor-element-populated\">\n\t\t\t\t\t\t<div class=\"elementor-element elementor-element-baa71b7 elementor-widget elementor-widget-text-editor\" data-id=\"baa71b7\" data-element_type=\"widget\" data-e-type=\"widget\" data-widget_type=\"text-editor.default\">\n\t\t\t\t<div class=\"elementor-widget-container\">\n\t\t\t\t\t\t\t\t\t<p class=\"p1\">El Centro de Investigaci\u00f3n y Desarrollo de la Psiconefrolog\u00eda, con domicilio Narciso Mendoza 107, Col. Morelos Pachuca, Hidalgo, recaba datos personales y es responsable del tratamiento que se les de.<\/p><p class=\"p1\">Los datos personales que son recabados ser\u00e1n utilizados para las siguientes finalidades:<\/p><ul class=\"ul1\"><li class=\"li1\">Identificar y validar informaci\u00f3n de los aspirantes, alumnos y estudiantes (nacionales y extranjeros).<\/li><li class=\"li1\">Creaci\u00f3n y actualizaci\u00f3n del expediente electr\u00f3nico del alumno\/estudiante en los sistemas inform\u00e1ticos.<\/li><li class=\"li1\">Registro de aspirantes, inscripci\u00f3n y reinscripci\u00f3n de alumnos\/estudiantes<\/li><li class=\"li1\">Expedir diplomas y certificados que otorga la instituci\u00f3n.<\/li><li class=\"li1\">Registrar los t\u00edtulos profesionales o grados acad\u00e9micos en formato electr\u00f3nico ante la Direcci\u00f3n General de Profesiones de la SEP y la Direcci\u00f3n General de la Administraci\u00f3n Escolar de la UNAM para que el alumno sea registrado.<\/li><li class=\"li1\">Informar sobre el desempe\u00f1o acad\u00e9mico de los alumnos y\/o estudiantes a sus padres\/tutores legales (en caso de menores de edad) o directamente a los alumnos y\/o estudiantes.<\/li><li class=\"li1\">Contactar a los familiares de los aspirantes y alumnos o padres\/tutores legales, cuando son menores de edad, en casos de emergencia.<\/li><li class=\"li1\">Realizar estad\u00edsticas y an\u00e1lisis institucionales para la planeaci\u00f3n y evaluaci\u00f3n acad\u00e9mica.<\/li><\/ul><p class=\"p1\">Con motivo de los servicios educativos y psicol\u00f3gicos que ofrece el Centro de Investigaci\u00f3n y Desarrollo de la Psiconefrolog\u00eda esta instiruci\u00f3n tratar\u00e1 datos personales de los usuarios, alumnos o de los menores de edad y corresponde a ellos o sus padres o tutores legales otorgar el consentimiento expreso al suscribir el presente Aviso de Privacidad; en dicho tratamiento se privilegiar\u00e1 el inter\u00e9s superior de los ni\u00f1os y adolescentes en t\u00e9rminos de las disposiciones previstas en la Ley General de los Derechos de Ni\u00f1as, Ni\u00f1os y Adolescentes.<\/p><p class=\"p1\">Se recaban datos personales al momento de llenar los formularios de pre-registro a los diferentes programas acad\u00e9micos que ofrece el Centro de Investigaci\u00f3n y Desarrollo de la Psiconefrolog\u00eda, este proceso puede ser en l\u00ednea, semipresencial o presencial, para lo cual se obtienen los siguientes datos personales:<\/p><p class=\"p1\"><b>De los aspirantes y alumnos, menores de edad: <\/b><\/p><ul class=\"ul1\"><li class=\"li1\">Datos de identificaci\u00f3n: Nacionalidad, CURP, nombre completo, fecha de nacimiento, g\u00e9nero, lugar de nacimiento, correo electr\u00f3nico, domicilio y tel\u00e9fono, fotograf\u00eda, firma digital y huellas dactilares.<\/li><li class=\"li1\">Datos acad\u00e9micos: Nombre de la escuela de procedencia, clave del centro de trabajo, entidad federativa y alcald\u00eda o municipio.<\/li><li class=\"li1\">Datos de terceros: Nombre completo del padre o tutor, su nacionalidad, domicilio y tel\u00e9fonos.<\/li><\/ul><p class=\"p1\"><b>De los aspirantes\/alumnos a cursos: <\/b><\/p><ul class=\"ul1\"><li class=\"li1\">Datos de identificaci\u00f3n: Nombre, fecha de nacimiento, g\u00e9nero, nacionalidad, lugar de nacimiento, CURP, domicilio, pa\u00eds de residencia, tel\u00e9fonos fijo y celular, si cuenta con alguna discapacidad (visual, motora, auditiva y\/o m\u00faltiple)<\/li><li class=\"li1\">Datos acad\u00e9micos: Informaci\u00f3n donde cursaste la secundaria, nombre de la escuela, ubicaci\u00f3n y promedio obtenido en ella.<\/li><li class=\"li1\">Datos de tercero: nombre completo de un contacto de emergencia y sus tel\u00e9fonos fijo y celular.<\/li><\/ul><p class=\"p2\">\u00a0<\/p><p class=\"p1\"><b>De los aspirantes\/alumnos a ingresar a cursos, talleres o diplomado: <\/b><\/p><ul class=\"ul1\"><li class=\"li1\">Datos de identificaci\u00f3n: Nombre, CURP, RFC, fecha de nacimiento, pa\u00eds de nacimiento, g\u00e9nero, estado civil, domicilio, tel\u00e9fonos fijo y celular, si tiene alguna discapacidad, si est\u00e1 interesado en donar sus \u00f3rganos, n\u00famero de seguridad social.<\/li><li class=\"li1\">Datos acad\u00e9micos: \u00faltimo grado de estudios, descripci\u00f3n del antecedente acad\u00e9mico, nivel acad\u00e9mico, estatus de graduaci\u00f3n, fecha de obtenci\u00f3n del t\u00edtulo o grado, promedio, instituci\u00f3n donde curs\u00f3 sus estudios, entidad federativa donde curs\u00f3 sus estudios, entidad acad\u00e9mica, centro o instituto donde curs\u00f3 sus estudios, fotograf\u00eda as\u00ed como los siguientes documentos en formato de archivo pdf: CURP, identificaci\u00f3n oficial, acta de nacimiento, t\u00edtulo o grado, certificado de estudios, constancia de promedio, constancias de idioma, proyecto o anteproyecto, curr\u00edculum vitae, cartas de exposici\u00f3n de motivos y carta compromiso.<\/li><\/ul><p class=\"p1\">Adicionalmente, se recaban datos personales de los aspirantes para conocer el contexto acad\u00e9mico que le rodea y fortalecer su aprendizaje, para lo cual se obtienen los siguientes datos personales del aspirante\/alumno:<\/p><p class=\"p1\">Datos de identificaci\u00f3n: estado civil, n\u00famero de hijos, si desempe\u00f1a alg\u00fan trabajo y pr\u00e1ctica alg\u00fan deporte.<\/p><p class=\"p1\">Datos acad\u00e9micos: Grado de dominio de idiomas (comprensi\u00f3n oral, auditiva, ling\u00fc\u00edstica y de lectura); conocimiento de Tecnolog\u00edas de la Informaci\u00f3n y Comunicaci\u00f3n; tipos de materiales que de consulta; tipo de aparatos digitales en los que se apoy\u00f3 para estudiar; forma de aprendizaje y persistencia en sus estudios.<\/p><p class=\"p1\">Datos personales sensibles: si pertenece a un pueblo ind\u00edgena, si el alumno o sus padres hablan una lengua ind\u00edgena, si tiene alguna discapacidad, si est\u00e1 interesado en donar sus \u00f3rganos.<\/p><p class=\"p1\">Esta \u00e1rea universitaria no realiza transferencias de sus datos personales a terceros.<\/p><p class=\"p1\"><b>Fundamento para el tratamiento de datos personales. <\/b>Los art\u00edculos 6\u00ba, Base A y 16, segundo p\u00e1rrafo, de la Constituci\u00f3n Pol\u00edtica de los Estados Unidos Mexicanos; el 3\u00ba, fracci\u00f3n XXXIII, 4\u00ba, 16, 17, 18, 20, 21, 22, 23, 26, 27 y 28 de la Ley General de Protecci\u00f3n de Datos Personales en Posesi\u00f3n de Sujetos Obligados<\/p><p class=\"p1\">Cookies y Web Beacons<\/p><p class=\"p1\">La p\u00e1gina web utiliza cookies y web beacons a trav\u00e9s de los cuales es posible generar informaci\u00f3n estad\u00edstica.<\/p><p class=\"p1\">Las cookies son archivos de texto que son descargados autom\u00e1ticamente y almacenados en el disco duro del equipo de c\u00f3mputo del usuario al navegar en una p\u00e1gina de Internet espec\u00edfica, que permiten recordar al servidor de Internet algunos datos sobre este usuario, entre ellos, sus preferencias para la visualizaci\u00f3n de las p\u00e1ginas en ese servidor, nombre y contrase\u00f1a. Asimismo, el sitio web contiene anuncios publicitarios que pueden enviar cookies de nuestros usuarios.<\/p><p class=\"p1\">Las web beacons son im\u00e1genes insertadas en una p\u00e1gina de Internet o correo electr\u00f3nico, que puede ser utilizado para monitorear el comportamiento de un visitante, como almacenar informaci\u00f3n sobre la direcci\u00f3n IP del usuario, duraci\u00f3n del tiempo de interacci\u00f3n en dicha p\u00e1gina y el tipo de navegador utilizado, entre otros. Dicha informaci\u00f3n se almacena en las bit\u00e1coras de nuestro servidor y es la siguiente:<\/p><p class=\"p1\">Tipo de navegador y sistema operativo.<\/p><p class=\"p1\">Si cuenta o no con software como java script o flash.<\/p><p class=\"p1\">Sitio que visit\u00f3 antes de entrar al nuestro.<\/p><p class=\"p1\">V\u00ednculos web que sigue en Internet.<\/p><p class=\"p1\">Su direcci\u00f3n IP (Internet Protocol).<\/p><p class=\"p1\">Estas cookies y otras tecnolog\u00edas pueden ser deshabilitadas. Para conocer c\u00f3mo hacerlo, consulte los siguientes v\u00ednculos:<\/p><p class=\"p1\">Microsoft Edge: https:\/\/support.microsoft.com\/es-mx\/help\/4468242\/microsoft-edge-browsing-data-and-privacy-microsoft-privacy<\/p><p class=\"p1\">Mozilla Firefox: https:\/\/support.mozilla.org\/es\/kb\/habilitar-y-deshabilitar-cookies-sitios-web-rastrear-preferencias<\/p><p class=\"p1\">Google Chrome: https:\/\/support.google.com\/accounts\/answer\/61416?co=GENIE.Platform%3DDesktop&amp;hl=es<\/p><p class=\"p1\">Apple Safari: https:\/\/support.apple.com\/es-es\/guide\/safari\/sfri11471\/mac<\/p><p class=\"p1\">En el caso de empleo de cookies, el bot\u00f3n de \u00abayuda\u00bb que se encuentra en la barra de herramientas de la mayor\u00eda de los navegadores, le dir\u00e1 c\u00f3mo evitar aceptar nuevas cookies, c\u00f3mo hacer que el navegador le notifique cuando recibe una nueva cookie o c\u00f3mo deshabilitar todas las cookies.<\/p><p class=\"p1\">Ejercicio de derechos ARCO (Acceso, rectificaci\u00f3n, cancelaci\u00f3n u oposici\u00f3n al uso de sus datos personales)<\/p><p class=\"p1\">Tiene derecho a conocer qu\u00e9 datos personales tenemos de usted, para qu\u00e9 los utilizamos y las condiciones del uso que les damos (Acceso). Asimismo, es su derecho a solicitar la correcci\u00f3n de su informaci\u00f3n personal en caso de que est\u00e9 desactualizada, sea inexacta o incompleta (Rectificaci\u00f3n); que la eliminemos de nuestros registros o bases de datos cuando considere que la misma no est\u00e1 siendo utilizada adecuadamente (Cancelaci\u00f3n); as\u00ed como oponerse al uso de sus datos personales para fines espec\u00edficos (Oposici\u00f3n). Estos derechos se conocen como derechos ARCO.<\/p><p class=\"p1\">Para ejercer sus derechos de acceso, rectificaci\u00f3n, cancelaci\u00f3n y oposici\u00f3n puede escribir un correo a <span class=\"s1\"><b>contacto@psiconefrologia.org<\/b><\/span><\/p><p class=\"p1\">La determinaci\u00f3n adoptada, se le comunicar\u00e1 en un plazo m\u00e1ximo de veinte d\u00edas h\u00e1biles contados desde la fecha en que se recibi\u00f3 la solicitud, a efecto de que, si resulta procedente, haga efectiva la misma dentro de los quince d\u00edas h\u00e1biles siguientes a que se comunique la respuesta.<\/p><p class=\"p1\">Puede revocar el consentimiento que, en su caso, nos haya otorgado para el tratamiento de sus datos personales. Sin embargo, es importante que tenga en cuenta que no en todos los casos podremos atender su solicitud o concluir el uso de forma inmediata, ya que es posible que por alguna obligaci\u00f3n legal requiramos seguir tratando sus datos personales. Asimismo, usted deber\u00e1 considerar que, para ciertos fines, la revocaci\u00f3n de su consentimiento implicar\u00e1 que no le podamos seguir prestando el servicio del sistema en l\u00ednea que nos solicit\u00f3, o la conclusi\u00f3n de su relaci\u00f3n con nosotros.<\/p><p class=\"p1\">Modificaciones al Aviso de Privacidad<\/p><p class=\"p1\">El presente aviso de privacidad puede sufrir modificaciones o actualizaciones. Dichas actualizaciones o modificaciones estar\u00e1n disponibles al p\u00fablico, por lo que el Titular podr\u00e1 consultarlas en el sitio web https:\/\/www.psiconefrologia.org), en la secci\u00f3n Aviso de Privacidad. Se recomienda y requiere al Titular consultar el Aviso de Privacidad, por lo menos semestralmente para estar actualizado de las condiciones y t\u00e9rminos de este.<\/p><p class=\"p1\">Fecha \u00faltima actualizaci\u00f3n: 11 de noviembre de 2020.<\/p><p class=\"p1\">Contacto<\/p><p class=\"p1\"><span class=\"Apple-converted-space\">\u00a0 <\/span>Atenci\u00f3n por Tel\u00e9fono<\/p><p class=\"p1\">771 134 9083 <span class=\"Apple-converted-space\">\u00a0 <\/span>De 9:00 a 15:00 hrs. y de 17:00 a 19:30 hrs.<\/p>\t\t\t\t\t\t\t\t<\/div>\n\t\t\t\t<\/div>\n\t\t\t\t\t<\/div>\n\t\t<\/div>\n\t\t\t\t\t<\/div>\n\t\t<\/section>\n\t\t\t\t<\/div>\n\t\t","protected":false},"excerpt":{"rendered":"<p>Aviso de Privacidad. El Centro de Investigaci\u00f3n y Desarrollo de la Psiconefrolog\u00eda, con domicilio Narciso Mendoza 107, Col. Morelos Pachuca, Hidalgo, recaba datos personales y es responsable del tratamiento que se les de. Los datos personales que son recabados ser\u00e1n utilizados para las siguientes finalidades: Identificar y validar informaci\u00f3n de los aspirantes, alumnos y estudiantes [&hellip;]<\/p>\n","protected":false},"author":1,"featured_media":0,"parent":0,"menu_order":0,"comment_status":"closed","ping_status":"closed","template":"","meta":{"site-sidebar-layout":"no-sidebar","site-content-layout":"page-builder","ast-site-content-layout":"","site-content-style":"default","site-sidebar-style":"default","ast-global-header-display":"","ast-banner-title-visibility":"","ast-main-header-display":"","ast-hfb-above-header-display":"","ast-hfb-below-header-display":"","ast-hfb-mobile-header-display":"","site-post-title":"disabled","ast-breadcrumbs-content":"","ast-featured-img":"disabled","footer-sml-layout":"","theme-transparent-header-meta":"default","adv-header-id-meta":"","stick-header-meta":"","header-above-stick-meta":"","header-main-stick-meta":"","header-below-stick-meta":"","astra-migrate-meta-layouts":"default","ast-page-background-enabled":"default","ast-page-background-meta":{"desktop":{"background-color":"","background-image":"","background-repeat":"repeat","background-position":"center center","background-size":"auto","background-attachment":"scroll","background-type":"","background-media":"","overlay-type":"","overlay-color":"","overlay-gradient":""},"tablet":{"background-color":"","background-image":"","background-repeat":"repeat","background-position":"center center","background-size":"auto","background-attachment":"scroll","background-type":"","background-media":"","overlay-type":"","overlay-color":"","overlay-gradient":""},"mobile":{"background-color":"","background-image":"","background-repeat":"repeat","background-position":"center center","background-size":"auto","background-attachment":"scroll","background-type":"","background-media":"","overlay-type":"","overlay-color":"","overlay-gradient":""}},"ast-content-background-meta":{"desktop":{"background-color":"var(--ast-global-color-5)","background-image":"","background-repeat":"repeat","background-position":"center center","background-size":"auto","background-attachment":"scroll","background-type":"","background-media":"","overlay-type":"","overlay-color":"","overlay-gradient":""},"tablet":{"background-color":"var(--ast-global-color-5)","background-image":"","background-repeat":"repeat","background-position":"center center","background-size":"auto","background-attachment":"scroll","background-type":"","background-media":"","overlay-type":"","overlay-color":"","overlay-gradient":""},"mobile":{"background-color":"var(--ast-global-color-5)","background-image":"","background-repeat":"repeat","background-position":"center center","background-size":"auto","background-attachment":"scroll","background-type":"","background-media":"","overlay-type":"","overlay-color":"","overlay-gradient":""}},"footnotes":""},"class_list":["post-222","page","type-page","status-publish","hentry"],"yoast_head":"<!-- This site is optimized with the Yoast SEO plugin v21.9.1 - https:\/\/yoast.com\/wordpress\/plugins\/seo\/ -->\n<title>Aviso de privacidad - Centro de Investigaci\u00f3n y Desarrollo de la Psiconefrolog\u00eda<\/title>\n<meta name=\"robots\" content=\"index, follow, max-snippet:-1, max-image-preview:large, max-video-preview:-1\" \/>\n<link rel=\"canonical\" href=\"https:\/\/psiconefrologia.org\/?page_id=222\" \/>\n<meta property=\"og:locale\" content=\"es_ES\" \/>\n<meta property=\"og:type\" content=\"article\" \/>\n<meta property=\"og:title\" content=\"Aviso de privacidad - Centro de Investigaci\u00f3n y Desarrollo de la Psiconefrolog\u00eda\" \/>\n<meta property=\"og:description\" content=\"Aviso de Privacidad. El Centro de Investigaci\u00f3n y Desarrollo de la Psiconefrolog\u00eda, con domicilio Narciso Mendoza 107, Col. Morelos Pachuca, Hidalgo, recaba datos personales y es responsable del tratamiento que se les de. Los datos personales que son recabados ser\u00e1n utilizados para las siguientes finalidades: Identificar y validar informaci\u00f3n de los aspirantes, alumnos y estudiantes [&hellip;]\" \/>\n<meta property=\"og:url\" content=\"https:\/\/psiconefrologia.org\/?page_id=222\" \/>\n<meta property=\"og:site_name\" content=\"Centro de Investigaci\u00f3n y Desarrollo de la Psiconefrolog\u00eda\" \/>\n<meta property=\"article:publisher\" content=\"https:\/\/www.facebook.com\/Psiconefrolog%c3%ada-103011147922560\" \/>\n<meta property=\"article:modified_time\" content=\"2020-11-11T20:58:48+00:00\" \/>\n<meta name=\"twitter:card\" content=\"summary_large_image\" \/>\n<meta name=\"twitter:label1\" content=\"Tiempo de lectura\" \/>\n\t<meta name=\"twitter:data1\" content=\"8 minutos\" \/>\n<script type=\"application\/ld+json\" class=\"yoast-schema-graph\">{\"@context\":\"https:\/\/schema.org\",\"@graph\":[{\"@type\":\"WebPage\",\"@id\":\"https:\/\/psiconefrologia.org\/?page_id=222\",\"url\":\"https:\/\/psiconefrologia.org\/?page_id=222\",\"name\":\"Aviso de privacidad - Centro de Investigaci\u00f3n y Desarrollo de la Psiconefrolog\u00eda\",\"isPartOf\":{\"@id\":\"https:\/\/psiconefrologia.org\/#website\"},\"datePublished\":\"2020-11-11T20:45:02+00:00\",\"dateModified\":\"2020-11-11T20:58:48+00:00\",\"breadcrumb\":{\"@id\":\"https:\/\/psiconefrologia.org\/?page_id=222#breadcrumb\"},\"inLanguage\":\"es\",\"potentialAction\":[{\"@type\":\"ReadAction\",\"target\":[\"https:\/\/psiconefrologia.org\/?page_id=222\"]}]},{\"@type\":\"BreadcrumbList\",\"@id\":\"https:\/\/psiconefrologia.org\/?page_id=222#breadcrumb\",\"itemListElement\":[{\"@type\":\"ListItem\",\"position\":1,\"name\":\"Portada\",\"item\":\"https:\/\/psiconefrologia.org\/\"},{\"@type\":\"ListItem\",\"position\":2,\"name\":\"Aviso de privacidad\"}]},{\"@type\":\"WebSite\",\"@id\":\"https:\/\/psiconefrologia.org\/#website\",\"url\":\"https:\/\/psiconefrologia.org\/\",\"name\":\"Centro de Investigaci\u00f3n y Desarrollo de la Psiconefrolog\u00eda\",\"description\":\"descripcion del sitio\",\"publisher\":{\"@id\":\"https:\/\/psiconefrologia.org\/#organization\"},\"potentialAction\":[{\"@type\":\"SearchAction\",\"target\":{\"@type\":\"EntryPoint\",\"urlTemplate\":\"https:\/\/psiconefrologia.org\/?s={search_term_string}\"},\"query-input\":\"required name=search_term_string\"}],\"inLanguage\":\"es\"},{\"@type\":\"Organization\",\"@id\":\"https:\/\/psiconefrologia.org\/#organization\",\"name\":\"Centro de Investigaci\u00f3n y Desarrollo de la Psiconefrolog\u00eda\",\"url\":\"https:\/\/psiconefrologia.org\/\",\"logo\":{\"@type\":\"ImageObject\",\"inLanguage\":\"es\",\"@id\":\"https:\/\/psiconefrologia.org\/#\/schema\/logo\/image\/\",\"url\":\"https:\/\/psiconefrologia.org\/wp-content\/uploads\/2020\/11\/CDiDP-calidad.png\",\"contentUrl\":\"https:\/\/psiconefrologia.org\/wp-content\/uploads\/2020\/11\/CDiDP-calidad.png\",\"width\":3260,\"height\":1549,\"caption\":\"Centro de Investigaci\u00f3n y Desarrollo de la Psiconefrolog\u00eda\"},\"image\":{\"@id\":\"https:\/\/psiconefrologia.org\/#\/schema\/logo\/image\/\"},\"sameAs\":[\"https:\/\/www.facebook.com\/Psiconefrolog\u00eda-103011147922560\"]}]}<\/script>\n<!-- \/ Yoast SEO plugin. -->","yoast_head_json":{"title":"Aviso de privacidad - Centro de Investigaci\u00f3n y Desarrollo de la Psiconefrolog\u00eda","robots":{"index":"index","follow":"follow","max-snippet":"max-snippet:-1","max-image-preview":"max-image-preview:large","max-video-preview":"max-video-preview:-1"},"canonical":"https:\/\/psiconefrologia.org\/?page_id=222","og_locale":"es_ES","og_type":"article","og_title":"Aviso de privacidad - Centro de Investigaci\u00f3n y Desarrollo de la Psiconefrolog\u00eda","og_description":"Aviso de Privacidad. El Centro de Investigaci\u00f3n y Desarrollo de la Psiconefrolog\u00eda, con domicilio Narciso Mendoza 107, Col. Morelos Pachuca, Hidalgo, recaba datos personales y es responsable del tratamiento que se les de. Los datos personales que son recabados ser\u00e1n utilizados para las siguientes finalidades: Identificar y validar informaci\u00f3n de los aspirantes, alumnos y estudiantes [&hellip;]","og_url":"https:\/\/psiconefrologia.org\/?page_id=222","og_site_name":"Centro de Investigaci\u00f3n y Desarrollo de la Psiconefrolog\u00eda","article_publisher":"https:\/\/www.facebook.com\/Psiconefrolog%c3%ada-103011147922560","article_modified_time":"2020-11-11T20:58:48+00:00","twitter_card":"summary_large_image","twitter_misc":{"Tiempo de lectura":"8 minutos"},"schema":{"@context":"https:\/\/schema.org","@graph":[{"@type":"WebPage","@id":"https:\/\/psiconefrologia.org\/?page_id=222","url":"https:\/\/psiconefrologia.org\/?page_id=222","name":"Aviso de privacidad - Centro de Investigaci\u00f3n y Desarrollo de la Psiconefrolog\u00eda","isPartOf":{"@id":"https:\/\/psiconefrologia.org\/#website"},"datePublished":"2020-11-11T20:45:02+00:00","dateModified":"2020-11-11T20:58:48+00:00","breadcrumb":{"@id":"https:\/\/psiconefrologia.org\/?page_id=222#breadcrumb"},"inLanguage":"es","potentialAction":[{"@type":"ReadAction","target":["https:\/\/psiconefrologia.org\/?page_id=222"]}]},{"@type":"BreadcrumbList","@id":"https:\/\/psiconefrologia.org\/?page_id=222#breadcrumb","itemListElement":[{"@type":"ListItem","position":1,"name":"Portada","item":"https:\/\/psiconefrologia.org\/"},{"@type":"ListItem","position":2,"name":"Aviso de privacidad"}]},{"@type":"WebSite","@id":"https:\/\/psiconefrologia.org\/#website","url":"https:\/\/psiconefrologia.org\/","name":"Centro de Investigaci\u00f3n y Desarrollo de la Psiconefrolog\u00eda","description":"descripcion del sitio","publisher":{"@id":"https:\/\/psiconefrologia.org\/#organization"},"potentialAction":[{"@type":"SearchAction","target":{"@type":"EntryPoint","urlTemplate":"https:\/\/psiconefrologia.org\/?s={search_term_string}"},"query-input":"required name=search_term_string"}],"inLanguage":"es"},{"@type":"Organization","@id":"https:\/\/psiconefrologia.org\/#organization","name":"Centro de Investigaci\u00f3n y Desarrollo de la Psiconefrolog\u00eda","url":"https:\/\/psiconefrologia.org\/","logo":{"@type":"ImageObject","inLanguage":"es","@id":"https:\/\/psiconefrologia.org\/#\/schema\/logo\/image\/","url":"https:\/\/psiconefrologia.org\/wp-content\/uploads\/2020\/11\/CDiDP-calidad.png","contentUrl":"https:\/\/psiconefrologia.org\/wp-content\/uploads\/2020\/11\/CDiDP-calidad.png","width":3260,"height":1549,"caption":"Centro de Investigaci\u00f3n y Desarrollo de la Psiconefrolog\u00eda"},"image":{"@id":"https:\/\/psiconefrologia.org\/#\/schema\/logo\/image\/"},"sameAs":["https:\/\/www.facebook.com\/Psiconefrolog\u00eda-103011147922560"]}]}},"_links":{"self":[{"href":"https:\/\/psiconefrologia.org\/index.php?rest_route=\/wp\/v2\/pages\/222","targetHints":{"allow":["GET"]}}],"collection":[{"href":"https:\/\/psiconefrologia.org\/index.php?rest_route=\/wp\/v2\/pages"}],"about":[{"href":"https:\/\/psiconefrologia.org\/index.php?rest_route=\/wp\/v2\/types\/page"}],"author":[{"embeddable":true,"href":"https:\/\/psiconefrologia.org\/index.php?rest_route=\/wp\/v2\/users\/1"}],"replies":[{"embeddable":true,"href":"https:\/\/psiconefrologia.org\/index.php?rest_route=%2Fwp%2Fv2%2Fcomments&post=222"}],"version-history":[{"count":2,"href":"https:\/\/psiconefrologia.org\/index.php?rest_route=\/wp\/v2\/pages\/222\/revisions"}],"predecessor-version":[{"id":232,"href":"https:\/\/psiconefrologia.org\/index.php?rest_route=\/wp\/v2\/pages\/222\/revisions\/232"}],"wp:attachment":[{"href":"https:\/\/psiconefrologia.org\/index.php?rest_route=%2Fwp%2Fv2%2Fmedia&parent=222"}],"curies":[{"name":"wp","href":"https:\/\/api.w.org\/{rel}","templated":true}]}}