{"id":62,"date":"2020-07-26T03:15:33","date_gmt":"2020-07-26T08:15:33","guid":{"rendered":"https:\/\/nefropsicologia.org\/?page_id=62"},"modified":"2024-07-02T00:39:36","modified_gmt":"2024-07-02T06:39:36","slug":"psiconefrologia","status":"publish","type":"page","link":"https:\/\/psiconefrologia.org\/?page_id=62","title":{"rendered":"\u00bfQu\u00e9 es la psiconefrolog\u00eda?"},"content":{"rendered":"\t\t<div data-elementor-type=\"wp-page\" data-elementor-id=\"62\" class=\"elementor elementor-62\">\n\t\t\t\t\t\t<section class=\"elementor-section elementor-top-section elementor-element elementor-element-e5a8c35 elementor-section-boxed elementor-section-height-default elementor-section-height-default\" data-id=\"e5a8c35\" data-element_type=\"section\" data-e-type=\"section\">\n\t\t\t\t\t\t<div class=\"elementor-container elementor-column-gap-default\">\n\t\t\t\t\t<div class=\"elementor-column elementor-col-66 elementor-top-column elementor-element elementor-element-9520ee7\" data-id=\"9520ee7\" data-element_type=\"column\" data-e-type=\"column\">\n\t\t\t<div class=\"elementor-widget-wrap elementor-element-populated\">\n\t\t\t\t\t\t<div class=\"elementor-element elementor-element-f3a264e elementor-widget elementor-widget-heading\" data-id=\"f3a264e\" data-element_type=\"widget\" data-e-type=\"widget\" data-widget_type=\"heading.default\">\n\t\t\t\t<div class=\"elementor-widget-container\">\n\t\t\t\t\t<h1 class=\"elementor-heading-title elementor-size-default\">\u00bfQu\u00e9 es la psiconefrolog\u00eda?<\/h1>\t\t\t\t<\/div>\n\t\t\t\t<\/div>\n\t\t\t\t\t<\/div>\n\t\t<\/div>\n\t\t\t\t<div class=\"elementor-column elementor-col-33 elementor-top-column elementor-element elementor-element-165b12c\" data-id=\"165b12c\" data-element_type=\"column\" data-e-type=\"column\">\n\t\t\t<div class=\"elementor-widget-wrap\">\n\t\t\t\t\t\t\t<\/div>\n\t\t<\/div>\n\t\t\t\t\t<\/div>\n\t\t<\/section>\n\t\t\t\t<section class=\"elementor-section elementor-top-section elementor-element elementor-element-1722b1c elementor-section-boxed elementor-section-height-default elementor-section-height-default\" data-id=\"1722b1c\" data-element_type=\"section\" data-e-type=\"section\">\n\t\t\t\t\t\t<div class=\"elementor-container elementor-column-gap-default\">\n\t\t\t\t\t<div class=\"elementor-column elementor-col-50 elementor-top-column elementor-element elementor-element-3f6d329\" data-id=\"3f6d329\" data-element_type=\"column\" data-e-type=\"column\">\n\t\t\t<div class=\"elementor-widget-wrap elementor-element-populated\">\n\t\t\t\t\t\t<div class=\"elementor-element elementor-element-39bb296 elementor-widget elementor-widget-text-editor\" data-id=\"39bb296\" data-element_type=\"widget\" data-e-type=\"widget\" data-widget_type=\"text-editor.default\">\n\t\t\t\t<div class=\"elementor-widget-container\">\n\t\t\t\t\t\t\t\t\t<p>Es la rama de la psicolog\u00eda que utiliza cient\u00edfica, \u00e9tica y profesionalmente los conocimientos, m\u00e9todos y t\u00e9cnicas psicol\u00f3gicas en el estudio e intervenci\u00f3n con <strong>personas que presentan da\u00f1o renal o lo pueden presentar, sus familias, el personal de salud y la sociedad en general<\/strong>.<\/p><p><span style=\"font-size: 16px; font-family: var( --e-global-typography-text-font-family ), Sans-serif;\">Las y los especialistas en Psiconefrolog\u00eda son capaces de intervenir en los diferentes niveles de prevenci\u00f3n y son un parte del equipo multi e interdisciplinario.<\/span><\/p><p><span style=\"font-size: 16px; font-family: var( --e-global-typography-text-font-family ), Sans-serif;\">En el siguiente esquema mostramos nuestra visi\u00f3n de la Psiconefrolog\u00eda.<\/span><\/p>\t\t\t\t\t\t\t\t<\/div>\n\t\t\t\t<\/div>\n\t\t\t\t\t<\/div>\n\t\t<\/div>\n\t\t\t\t<div class=\"elementor-column elementor-col-50 elementor-top-column elementor-element elementor-element-b35a4d3\" data-id=\"b35a4d3\" data-element_type=\"column\" data-e-type=\"column\">\n\t\t\t<div class=\"elementor-widget-wrap elementor-element-populated\">\n\t\t\t\t\t\t<div class=\"elementor-element elementor-element-ac8c064 elementor-widget elementor-widget-image\" data-id=\"ac8c064\" data-element_type=\"widget\" data-e-type=\"widget\" data-widget_type=\"image.default\">\n\t\t\t\t<div class=\"elementor-widget-container\">\n\t\t\t\t\t\t\t\t\t\t\t\t\t\t\t<img fetchpriority=\"high\" decoding=\"async\" width=\"940\" height=\"788\" src=\"https:\/\/psiconefrologia.org\/wp-content\/uploads\/2024\/02\/Copia-de-Diplomado-Peru-Mexico-940-x-788-px.png\" class=\"attachment-large size-large wp-image-473\" alt=\"Psiconefrologia\" srcset=\"https:\/\/psiconefrologia.org\/wp-content\/uploads\/2024\/02\/Copia-de-Diplomado-Peru-Mexico-940-x-788-px.png 940w, https:\/\/psiconefrologia.org\/wp-content\/uploads\/2024\/02\/Copia-de-Diplomado-Peru-Mexico-940-x-788-px-300x251.png 300w, https:\/\/psiconefrologia.org\/wp-content\/uploads\/2024\/02\/Copia-de-Diplomado-Peru-Mexico-940-x-788-px-768x644.png 768w\" sizes=\"(max-width: 940px) 100vw, 940px\" \/>\t\t\t\t\t\t\t\t\t\t\t\t\t\t\t<\/div>\n\t\t\t\t<\/div>\n\t\t\t\t\t<\/div>\n\t\t<\/div>\n\t\t\t\t\t<\/div>\n\t\t<\/section>\n\t\t\t\t<section class=\"elementor-section elementor-top-section elementor-element elementor-element-c3d0d71 elementor-section-boxed elementor-section-height-default elementor-section-height-default\" data-id=\"c3d0d71\" data-element_type=\"section\" data-e-type=\"section\">\n\t\t\t\t\t\t<div class=\"elementor-container elementor-column-gap-default\">\n\t\t\t\t\t<div class=\"elementor-column elementor-col-66 elementor-top-column elementor-element elementor-element-de928f3\" data-id=\"de928f3\" data-element_type=\"column\" data-e-type=\"column\">\n\t\t\t<div class=\"elementor-widget-wrap elementor-element-populated\">\n\t\t\t\t\t\t\t<\/div>\n\t\t<\/div>\n\t\t\t\t<div class=\"elementor-column elementor-col-33 elementor-top-column elementor-element elementor-element-8b322cb\" data-id=\"8b322cb\" data-element_type=\"column\" data-e-type=\"column\">\n\t\t\t<div class=\"elementor-widget-wrap\">\n\t\t\t\t\t\t\t<\/div>\n\t\t<\/div>\n\t\t\t\t\t<\/div>\n\t\t<\/section>\n\t\t\t\t<section class=\"elementor-section elementor-top-section elementor-element elementor-element-94570ee elementor-section-boxed elementor-section-height-default elementor-section-height-default\" data-id=\"94570ee\" data-element_type=\"section\" data-e-type=\"section\">\n\t\t\t\t\t\t<div class=\"elementor-container elementor-column-gap-default\">\n\t\t\t\t\t<div class=\"elementor-column elementor-col-100 elementor-top-column elementor-element elementor-element-6d78e97\" data-id=\"6d78e97\" data-element_type=\"column\" data-e-type=\"column\">\n\t\t\t<div class=\"elementor-widget-wrap elementor-element-populated\">\n\t\t\t\t\t\t<div class=\"elementor-element elementor-element-0c2e2be elementor-widget elementor-widget-image\" data-id=\"0c2e2be\" data-element_type=\"widget\" data-e-type=\"widget\" data-widget_type=\"image.default\">\n\t\t\t\t<div class=\"elementor-widget-container\">\n\t\t\t\t\t\t\t\t\t\t\t\t\t\t\t<img decoding=\"async\" width=\"1024\" height=\"636\" src=\"https:\/\/psiconefrologia.org\/wp-content\/uploads\/2020\/11\/Captura-de-pantalla-2020-11-11-a-las-5.05.12-p.m.-1024x636.png\" class=\"attachment-large size-large wp-image-260\" alt=\"\" srcset=\"https:\/\/psiconefrologia.org\/wp-content\/uploads\/2020\/11\/Captura-de-pantalla-2020-11-11-a-las-5.05.12-p.m.-1024x636.png 1024w, https:\/\/psiconefrologia.org\/wp-content\/uploads\/2020\/11\/Captura-de-pantalla-2020-11-11-a-las-5.05.12-p.m.-300x186.png 300w, https:\/\/psiconefrologia.org\/wp-content\/uploads\/2020\/11\/Captura-de-pantalla-2020-11-11-a-las-5.05.12-p.m.-768x477.png 768w, https:\/\/psiconefrologia.org\/wp-content\/uploads\/2020\/11\/Captura-de-pantalla-2020-11-11-a-las-5.05.12-p.m..png 1128w\" sizes=\"(max-width: 1024px) 100vw, 1024px\" \/>\t\t\t\t\t\t\t\t\t\t\t\t\t\t\t<\/div>\n\t\t\t\t<\/div>\n\t\t\t\t\t<\/div>\n\t\t<\/div>\n\t\t\t\t\t<\/div>\n\t\t<\/section>\n\t\t\t\t<section class=\"elementor-section elementor-top-section elementor-element elementor-element-27105f2 elementor-section-boxed elementor-section-height-default elementor-section-height-default\" data-id=\"27105f2\" data-element_type=\"section\" data-e-type=\"section\">\n\t\t\t\t\t\t<div class=\"elementor-container elementor-column-gap-default\">\n\t\t\t\t\t<div class=\"elementor-column elementor-col-100 elementor-top-column elementor-element elementor-element-938990b\" data-id=\"938990b\" data-element_type=\"column\" data-e-type=\"column\">\n\t\t\t<div class=\"elementor-widget-wrap elementor-element-populated\">\n\t\t\t\t\t\t<div class=\"elementor-element elementor-element-66099fa elementor-widget elementor-widget-text-editor\" data-id=\"66099fa\" data-element_type=\"widget\" data-e-type=\"widget\" data-widget_type=\"text-editor.default\">\n\t\t\t\t<div class=\"elementor-widget-container\">\n\t\t\t\t\t\t\t\t\t<p>La enfermedad renal cr\u00f3nica (ERC), no solo afecta el nivel f\u00edsico. Tambi\u00e9n impacta en el \u00e1mbito social y psicol\u00f3gico. Impacta tanto a la persona que la padece, como para su familia, el sistema de salud y la sociedad. Aunado a ello, la transici\u00f3n demogr\u00e1fica, epidemiol\u00f3gica y los retos actuales en salud p\u00fablica hacen que la participaci\u00f3n del profesional de la Psiconefrolog\u00eda sea fundamental.<\/p><p>\u00a0<\/p><p>Nuestra propuesta de consolidaci\u00f3n de la Psiconefrolog\u00eda advierte la necesidad de contar con bases ontol\u00f3gicas, epistemol\u00f3gicas y metodol\u00f3gicas firmes y capaces de llenar los huecos en el conocimiento cient\u00edfico. Asimismo, consideramos que entre la<span style=\"font-size: 16px;\">s \u00e1reas de acci\u00f3n se encuentran:<\/span><\/p><p>A) Educaci\u00f3n y promoci\u00f3n de la salud renal en la poblaci\u00f3n en general.<\/p><p>B) Intervenciones psicosociales que permitan prevenir enfermedades renales en poblaci\u00f3n con alg\u00fan riesgo de enfermedad renal.<\/p><p>C) Evaluaci\u00f3n e intervenciones psicol\u00f3gicas en la poblaci\u00f3n con enfermedad renal y alfabetizaci\u00f3n en salud renal.<\/p><p>D) Investigaci\u00f3n y ense\u00f1anza en Psiconefrolog\u00eda.<\/p><p>E) Evaluaci\u00f3n y mejora del sistema sanitario y la dise\u00f1o e implementaci\u00f3n de pol\u00edtica p\u00fablicas.<strong>\u00a0<\/strong><\/p><p><strong>Referencias bibliogr\u00e1ficas<\/strong><\/p><ul><li>Matarazzo, J. D. (1980): Behavioural health and behavioural medicina. Frontiers of a new health psychology. American Psychologist, 35, 807-817.<\/li><li>Oblitas L. A. (2008) Psicologi\u0301a de la Salud: Una ciencia del bienestar y la felicidad AV. PSICOL, 16(1), 9-38.<\/li><li>Garc\u00eda- Arista A y Arredondo-Pantale\u00f3n AJ (2018) Psicologi\u0301a y Salud, 28(2), 261-269.<strong><br \/><\/strong><\/li><\/ul>\t\t\t\t\t\t\t\t<\/div>\n\t\t\t\t<\/div>\n\t\t\t\t\t<\/div>\n\t\t<\/div>\n\t\t\t\t\t<\/div>\n\t\t<\/section>\n\t\t\t\t<section class=\"elementor-section elementor-top-section elementor-element elementor-element-28227f06 elementor-section-content-middle elementor-reverse-mobile elementor-section-boxed elementor-section-height-default elementor-section-height-default\" data-id=\"28227f06\" data-element_type=\"section\" data-e-type=\"section\">\n\t\t\t\t\t\t<div class=\"elementor-container elementor-column-gap-no\">\n\t\t\t\t\t<div class=\"elementor-column elementor-col-100 elementor-top-column elementor-element elementor-element-aa74877\" data-id=\"aa74877\" data-element_type=\"column\" data-e-type=\"column\">\n\t\t\t<div class=\"elementor-widget-wrap\">\n\t\t\t\t\t\t\t<\/div>\n\t\t<\/div>\n\t\t\t\t\t<\/div>\n\t\t<\/section>\n\t\t\t\t<\/div>\n\t\t","protected":false},"excerpt":{"rendered":"<p>\u00bfQu\u00e9 es la psiconefrolog\u00eda? Es la rama de la psicolog\u00eda que utiliza cient\u00edfica, \u00e9tica y profesionalmente los conocimientos, m\u00e9todos y t\u00e9cnicas psicol\u00f3gicas en el estudio e intervenci\u00f3n con personas que presentan da\u00f1o renal o lo pueden presentar, sus familias, el personal de salud y la sociedad en general. Las y los especialistas en Psiconefrolog\u00eda son [&hellip;]<\/p>\n","protected":false},"author":1,"featured_media":0,"parent":0,"menu_order":0,"comment_status":"closed","ping_status":"closed","template":"","meta":{"site-sidebar-layout":"no-sidebar","site-content-layout":"page-builder","ast-site-content-layout":"full-width-container","site-content-style":"unboxed","site-sidebar-style":"unboxed","ast-global-header-display":"","ast-banner-title-visibility":"","ast-main-header-display":"","ast-hfb-above-header-display":"","ast-hfb-below-header-display":"","ast-hfb-mobile-header-display":"","site-post-title":"disabled","ast-breadcrumbs-content":"","ast-featured-img":"disabled","footer-sml-layout":"","theme-transparent-header-meta":"default","adv-header-id-meta":"","stick-header-meta":"","header-above-stick-meta":"","header-main-stick-meta":"","header-below-stick-meta":"","astra-migrate-meta-layouts":"set","ast-page-background-enabled":"default","ast-page-background-meta":{"desktop":{"background-color":"","background-image":"","background-repeat":"repeat","background-position":"center center","background-size":"auto","background-attachment":"scroll","background-type":"","background-media":"","overlay-type":"","overlay-color":"","overlay-gradient":""},"tablet":{"background-color":"","background-image":"","background-repeat":"repeat","background-position":"center center","background-size":"auto","background-attachment":"scroll","background-type":"","background-media":"","overlay-type":"","overlay-color":"","overlay-gradient":""},"mobile":{"background-color":"","background-image":"","background-repeat":"repeat","background-position":"center center","background-size":"auto","background-attachment":"scroll","background-type":"","background-media":"","overlay-type":"","overlay-color":"","overlay-gradient":""}},"ast-content-background-meta":{"desktop":{"background-color":"var(--ast-global-color-5)","background-image":"","background-repeat":"repeat","background-position":"center center","background-size":"auto","background-attachment":"scroll","background-type":"","background-media":"","overlay-type":"","overlay-color":"","overlay-gradient":""},"tablet":{"background-color":"var(--ast-global-color-5)","background-image":"","background-repeat":"repeat","background-position":"center center","background-size":"auto","background-attachment":"scroll","background-type":"","background-media":"","overlay-type":"","overlay-color":"","overlay-gradient":""},"mobile":{"background-color":"var(--ast-global-color-5)","background-image":"","background-repeat":"repeat","background-position":"center center","background-size":"auto","background-attachment":"scroll","background-type":"","background-media":"","overlay-type":"","overlay-color":"","overlay-gradient":""}},"footnotes":""},"class_list":["post-62","page","type-page","status-publish","hentry"],"yoast_head":"<!-- This site is optimized with the Yoast SEO plugin v21.9.1 - https:\/\/yoast.com\/wordpress\/plugins\/seo\/ -->\n<title>\u00bfQu\u00e9 es la psiconefrolog\u00eda? - Centro de Investigaci\u00f3n y Desarrollo de la Psiconefrolog\u00eda<\/title>\n<meta name=\"robots\" content=\"index, follow, max-snippet:-1, max-image-preview:large, max-video-preview:-1\" \/>\n<link rel=\"canonical\" href=\"https:\/\/psiconefrologia.org\/que-es-la-psiconefrologia\" \/>\n<meta property=\"og:locale\" content=\"es_ES\" \/>\n<meta property=\"og:type\" content=\"article\" \/>\n<meta property=\"og:title\" content=\"\u00bfQu\u00e9 es la psiconefrolog\u00eda? - Centro de Investigaci\u00f3n y Desarrollo de la Psiconefrolog\u00eda\" \/>\n<meta property=\"og:description\" content=\"\u00bfQu\u00e9 es la psiconefrolog\u00eda? Es la rama de la psicolog\u00eda que utiliza cient\u00edfica, \u00e9tica y profesionalmente los conocimientos, m\u00e9todos y t\u00e9cnicas psicol\u00f3gicas en el estudio e intervenci\u00f3n con personas que presentan da\u00f1o renal o lo pueden presentar, sus familias, el personal de salud y la sociedad en general. Las y los especialistas en Psiconefrolog\u00eda son [&hellip;]\" \/>\n<meta property=\"og:url\" content=\"https:\/\/psiconefrologia.org\/que-es-la-psiconefrologia\" \/>\n<meta property=\"og:site_name\" content=\"Centro de Investigaci\u00f3n y Desarrollo de la Psiconefrolog\u00eda\" \/>\n<meta property=\"article:publisher\" content=\"https:\/\/www.facebook.com\/Psiconefrolog%c3%ada-103011147922560\" \/>\n<meta property=\"article:modified_time\" content=\"2024-07-02T06:39:36+00:00\" \/>\n<meta property=\"og:image\" content=\"https:\/\/psiconefrologia.org\/wp-content\/uploads\/2024\/02\/Copia-de-Diplomado-Peru-Mexico-940-x-788-px.png\" \/>\n<meta name=\"twitter:card\" content=\"summary_large_image\" \/>\n<meta name=\"twitter:label1\" content=\"Tiempo de lectura\" \/>\n\t<meta name=\"twitter:data1\" content=\"3 minutos\" \/>\n<script type=\"application\/ld+json\" class=\"yoast-schema-graph\">{\"@context\":\"https:\/\/schema.org\",\"@graph\":[{\"@type\":\"WebPage\",\"@id\":\"https:\/\/psiconefrologia.org\/?page_id=62\",\"url\":\"https:\/\/psiconefrologia.org\/que-es-la-psiconefrologia\",\"name\":\"\u00bfQu\u00e9 es la psiconefrolog\u00eda? - Centro de Investigaci\u00f3n y Desarrollo de la Psiconefrolog\u00eda\",\"isPartOf\":{\"@id\":\"https:\/\/psiconefrologia.org\/#website\"},\"datePublished\":\"2020-07-26T08:15:33+00:00\",\"dateModified\":\"2024-07-02T06:39:36+00:00\",\"breadcrumb\":{\"@id\":\"https:\/\/psiconefrologia.org\/que-es-la-psiconefrologia#breadcrumb\"},\"inLanguage\":\"es\",\"potentialAction\":[{\"@type\":\"ReadAction\",\"target\":[\"https:\/\/psiconefrologia.org\/que-es-la-psiconefrologia\"]}]},{\"@type\":\"BreadcrumbList\",\"@id\":\"https:\/\/psiconefrologia.org\/que-es-la-psiconefrologia#breadcrumb\",\"itemListElement\":[{\"@type\":\"ListItem\",\"position\":1,\"name\":\"Portada\",\"item\":\"https:\/\/psiconefrologia.org\/\"},{\"@type\":\"ListItem\",\"position\":2,\"name\":\"\u00bfQu\u00e9 es la psiconefrolog\u00eda?\"}]},{\"@type\":\"WebSite\",\"@id\":\"https:\/\/psiconefrologia.org\/#website\",\"url\":\"https:\/\/psiconefrologia.org\/\",\"name\":\"Centro de Investigaci\u00f3n y Desarrollo de la Psiconefrolog\u00eda\",\"description\":\"descripcion del sitio\",\"publisher\":{\"@id\":\"https:\/\/psiconefrologia.org\/#organization\"},\"potentialAction\":[{\"@type\":\"SearchAction\",\"target\":{\"@type\":\"EntryPoint\",\"urlTemplate\":\"https:\/\/psiconefrologia.org\/?s={search_term_string}\"},\"query-input\":\"required name=search_term_string\"}],\"inLanguage\":\"es\"},{\"@type\":\"Organization\",\"@id\":\"https:\/\/psiconefrologia.org\/#organization\",\"name\":\"Centro de Investigaci\u00f3n y Desarrollo de la Psiconefrolog\u00eda\",\"url\":\"https:\/\/psiconefrologia.org\/\",\"logo\":{\"@type\":\"ImageObject\",\"inLanguage\":\"es\",\"@id\":\"https:\/\/psiconefrologia.org\/#\/schema\/logo\/image\/\",\"url\":\"https:\/\/psiconefrologia.org\/wp-content\/uploads\/2020\/11\/CDiDP-calidad.png\",\"contentUrl\":\"https:\/\/psiconefrologia.org\/wp-content\/uploads\/2020\/11\/CDiDP-calidad.png\",\"width\":3260,\"height\":1549,\"caption\":\"Centro de Investigaci\u00f3n y Desarrollo de la Psiconefrolog\u00eda\"},\"image\":{\"@id\":\"https:\/\/psiconefrologia.org\/#\/schema\/logo\/image\/\"},\"sameAs\":[\"https:\/\/www.facebook.com\/Psiconefrolog\u00eda-103011147922560\"]}]}<\/script>\n<!-- \/ Yoast SEO plugin. -->","yoast_head_json":{"title":"\u00bfQu\u00e9 es la psiconefrolog\u00eda? - Centro de Investigaci\u00f3n y Desarrollo de la Psiconefrolog\u00eda","robots":{"index":"index","follow":"follow","max-snippet":"max-snippet:-1","max-image-preview":"max-image-preview:large","max-video-preview":"max-video-preview:-1"},"canonical":"https:\/\/psiconefrologia.org\/que-es-la-psiconefrologia","og_locale":"es_ES","og_type":"article","og_title":"\u00bfQu\u00e9 es la psiconefrolog\u00eda? - Centro de Investigaci\u00f3n y Desarrollo de la Psiconefrolog\u00eda","og_description":"\u00bfQu\u00e9 es la psiconefrolog\u00eda? Es la rama de la psicolog\u00eda que utiliza cient\u00edfica, \u00e9tica y profesionalmente los conocimientos, m\u00e9todos y t\u00e9cnicas psicol\u00f3gicas en el estudio e intervenci\u00f3n con personas que presentan da\u00f1o renal o lo pueden presentar, sus familias, el personal de salud y la sociedad en general. Las y los especialistas en Psiconefrolog\u00eda son [&hellip;]","og_url":"https:\/\/psiconefrologia.org\/que-es-la-psiconefrologia","og_site_name":"Centro de Investigaci\u00f3n y Desarrollo de la Psiconefrolog\u00eda","article_publisher":"https:\/\/www.facebook.com\/Psiconefrolog%c3%ada-103011147922560","article_modified_time":"2024-07-02T06:39:36+00:00","og_image":[{"url":"https:\/\/psiconefrologia.org\/wp-content\/uploads\/2024\/02\/Copia-de-Diplomado-Peru-Mexico-940-x-788-px.png"}],"twitter_card":"summary_large_image","twitter_misc":{"Tiempo de lectura":"3 minutos"},"schema":{"@context":"https:\/\/schema.org","@graph":[{"@type":"WebPage","@id":"https:\/\/psiconefrologia.org\/?page_id=62","url":"https:\/\/psiconefrologia.org\/que-es-la-psiconefrologia","name":"\u00bfQu\u00e9 es la psiconefrolog\u00eda? - Centro de Investigaci\u00f3n y Desarrollo de la Psiconefrolog\u00eda","isPartOf":{"@id":"https:\/\/psiconefrologia.org\/#website"},"datePublished":"2020-07-26T08:15:33+00:00","dateModified":"2024-07-02T06:39:36+00:00","breadcrumb":{"@id":"https:\/\/psiconefrologia.org\/que-es-la-psiconefrologia#breadcrumb"},"inLanguage":"es","potentialAction":[{"@type":"ReadAction","target":["https:\/\/psiconefrologia.org\/que-es-la-psiconefrologia"]}]},{"@type":"BreadcrumbList","@id":"https:\/\/psiconefrologia.org\/que-es-la-psiconefrologia#breadcrumb","itemListElement":[{"@type":"ListItem","position":1,"name":"Portada","item":"https:\/\/psiconefrologia.org\/"},{"@type":"ListItem","position":2,"name":"\u00bfQu\u00e9 es la psiconefrolog\u00eda?"}]},{"@type":"WebSite","@id":"https:\/\/psiconefrologia.org\/#website","url":"https:\/\/psiconefrologia.org\/","name":"Centro de Investigaci\u00f3n y Desarrollo de la Psiconefrolog\u00eda","description":"descripcion del sitio","publisher":{"@id":"https:\/\/psiconefrologia.org\/#organization"},"potentialAction":[{"@type":"SearchAction","target":{"@type":"EntryPoint","urlTemplate":"https:\/\/psiconefrologia.org\/?s={search_term_string}"},"query-input":"required name=search_term_string"}],"inLanguage":"es"},{"@type":"Organization","@id":"https:\/\/psiconefrologia.org\/#organization","name":"Centro de Investigaci\u00f3n y Desarrollo de la Psiconefrolog\u00eda","url":"https:\/\/psiconefrologia.org\/","logo":{"@type":"ImageObject","inLanguage":"es","@id":"https:\/\/psiconefrologia.org\/#\/schema\/logo\/image\/","url":"https:\/\/psiconefrologia.org\/wp-content\/uploads\/2020\/11\/CDiDP-calidad.png","contentUrl":"https:\/\/psiconefrologia.org\/wp-content\/uploads\/2020\/11\/CDiDP-calidad.png","width":3260,"height":1549,"caption":"Centro de Investigaci\u00f3n y Desarrollo de la Psiconefrolog\u00eda"},"image":{"@id":"https:\/\/psiconefrologia.org\/#\/schema\/logo\/image\/"},"sameAs":["https:\/\/www.facebook.com\/Psiconefrolog\u00eda-103011147922560"]}]}},"_links":{"self":[{"href":"https:\/\/psiconefrologia.org\/index.php?rest_route=\/wp\/v2\/pages\/62","targetHints":{"allow":["GET"]}}],"collection":[{"href":"https:\/\/psiconefrologia.org\/index.php?rest_route=\/wp\/v2\/pages"}],"about":[{"href":"https:\/\/psiconefrologia.org\/index.php?rest_route=\/wp\/v2\/types\/page"}],"author":[{"embeddable":true,"href":"https:\/\/psiconefrologia.org\/index.php?rest_route=\/wp\/v2\/users\/1"}],"replies":[{"embeddable":true,"href":"https:\/\/psiconefrologia.org\/index.php?rest_route=%2Fwp%2Fv2%2Fcomments&post=62"}],"version-history":[{"count":21,"href":"https:\/\/psiconefrologia.org\/index.php?rest_route=\/wp\/v2\/pages\/62\/revisions"}],"predecessor-version":[{"id":495,"href":"https:\/\/psiconefrologia.org\/index.php?rest_route=\/wp\/v2\/pages\/62\/revisions\/495"}],"wp:attachment":[{"href":"https:\/\/psiconefrologia.org\/index.php?rest_route=%2Fwp%2Fv2%2Fmedia&parent=62"}],"curies":[{"name":"wp","href":"https:\/\/api.w.org\/{rel}","templated":true}]}}